{"id":81269,"date":"2019-03-12T20:26:56","date_gmt":"2019-03-12T20:26:56","guid":{"rendered":"http:\/\/columbiafinishingmills.com\/product\/natuurlinnen\/"},"modified":"2024-05-21T13:52:18","modified_gmt":"2024-05-21T17:52:18","slug":"natuurlinnen","status":"publish","type":"product","link":"https:\/\/columbiafinishingmills.com\/fr\/produit\/cover-materials\/cloth\/natuurlinnen\/","title":{"rendered":"Natuurlinnen\u00ae"},"content":{"rendered":"<div id='gallery-1' class='gallery galleryid-81269 gallery-columns-6 gallery-size-thumbnail'><figure class='gallery-item'>\n\t\t\t<div class='gallery-icon portrait'>\n\t\t\t\t<a href='https:\/\/columbiafinishingmills.com\/fr\/?attachment_id=146432'><img loading=\"lazy\" decoding=\"async\" width=\"150\" height=\"150\" src=\"https:\/\/columbiafinishingmills.com\/wp-content\/uploads\/1010-150x150.png\" class=\"attachment-thumbnail size-thumbnail\" alt=\"\" aria-describedby=\"gallery-1-146432\" srcset=\"https:\/\/columbiafinishingmills.com\/wp-content\/uploads\/1010-150x150.png 150w, https:\/\/columbiafinishingmills.com\/wp-content\/uploads\/1010-32x32.png 32w, https:\/\/columbiafinishingmills.com\/wp-content\/uploads\/1010-320x320.png 320w, https:\/\/columbiafinishingmills.com\/wp-content\/uploads\/1010-100x100.png 100w\" sizes=\"auto, (max-width: 150px) 100vw, 150px\" \/><\/a>\n\t\t\t<\/div>\n\t\t\t\t<figcaption class='wp-caption-text gallery-caption' id='gallery-1-146432'>\n\t\t\t\t1010\n\t\t\t\t<\/figcaption><\/figure><figure class='gallery-item'>\n\t\t\t<div class='gallery-icon portrait'>\n\t\t\t\t<a href='https:\/\/columbiafinishingmills.com\/fr\/?attachment_id=146433'><img loading=\"lazy\" decoding=\"async\" width=\"150\" height=\"150\" src=\"https:\/\/columbiafinishingmills.com\/wp-content\/uploads\/1085-150x150.png\" class=\"attachment-thumbnail size-thumbnail\" alt=\"\" aria-describedby=\"gallery-1-146433\" srcset=\"https:\/\/columbiafinishingmills.com\/wp-content\/uploads\/1085-150x150.png 150w, https:\/\/columbiafinishingmills.com\/wp-content\/uploads\/1085-32x32.png 32w, https:\/\/columbiafinishingmills.com\/wp-content\/uploads\/1085-320x320.png 320w, https:\/\/columbiafinishingmills.com\/wp-content\/uploads\/1085-100x100.png 100w\" sizes=\"auto, (max-width: 150px) 100vw, 150px\" \/><\/a>\n\t\t\t<\/div>\n\t\t\t\t<figcaption class='wp-caption-text gallery-caption' id='gallery-1-146433'>\n\t\t\t\t1085\n\t\t\t\t<\/figcaption><\/figure><figure class='gallery-item'>\n\t\t\t<div class='gallery-icon portrait'>\n\t\t\t\t<a href='https:\/\/columbiafinishingmills.com\/fr\/?attachment_id=146434'><img loading=\"lazy\" decoding=\"async\" width=\"150\" height=\"150\" src=\"https:\/\/columbiafinishingmills.com\/wp-content\/uploads\/1120-1-150x150.png\" class=\"attachment-thumbnail size-thumbnail\" alt=\"\" aria-describedby=\"gallery-1-146434\" srcset=\"https:\/\/columbiafinishingmills.com\/wp-content\/uploads\/1120-1-150x150.png 150w, https:\/\/columbiafinishingmills.com\/wp-content\/uploads\/1120-1-32x32.png 32w, https:\/\/columbiafinishingmills.com\/wp-content\/uploads\/1120-1-320x320.png 320w, https:\/\/columbiafinishingmills.com\/wp-content\/uploads\/1120-1-100x100.png 100w\" sizes=\"auto, (max-width: 150px) 100vw, 150px\" \/><\/a>\n\t\t\t<\/div>\n\t\t\t\t<figcaption class='wp-caption-text gallery-caption' id='gallery-1-146434'>\n\t\t\t\t1120\n\t\t\t\t<\/figcaption><\/figure><figure class='gallery-item'>\n\t\t\t<div class='gallery-icon portrait'>\n\t\t\t\t<a href='https:\/\/columbiafinishingmills.com\/fr\/?attachment_id=146435'><img loading=\"lazy\" decoding=\"async\" width=\"150\" height=\"150\" src=\"https:\/\/columbiafinishingmills.com\/wp-content\/uploads\/1137-150x150.png\" class=\"attachment-thumbnail size-thumbnail\" alt=\"\" aria-describedby=\"gallery-1-146435\" srcset=\"https:\/\/columbiafinishingmills.com\/wp-content\/uploads\/1137-150x150.png 150w, https:\/\/columbiafinishingmills.com\/wp-content\/uploads\/1137-32x32.png 32w, https:\/\/columbiafinishingmills.com\/wp-content\/uploads\/1137-320x320.png 320w, https:\/\/columbiafinishingmills.com\/wp-content\/uploads\/1137-100x100.png 100w\" sizes=\"auto, (max-width: 150px) 100vw, 150px\" \/><\/a>\n\t\t\t<\/div>\n\t\t\t\t<figcaption class='wp-caption-text gallery-caption' id='gallery-1-146435'>\n\t\t\t\t1137\n\t\t\t\t<\/figcaption><\/figure><figure class='gallery-item'>\n\t\t\t<div class='gallery-icon portrait'>\n\t\t\t\t<a href='https:\/\/columbiafinishingmills.com\/fr\/?attachment_id=146436'><img loading=\"lazy\" decoding=\"async\" width=\"150\" height=\"150\" src=\"https:\/\/columbiafinishingmills.com\/wp-content\/uploads\/2040-150x150.png\" class=\"attachment-thumbnail size-thumbnail\" alt=\"\" aria-describedby=\"gallery-1-146436\" srcset=\"https:\/\/columbiafinishingmills.com\/wp-content\/uploads\/2040-150x150.png 150w, https:\/\/columbiafinishingmills.com\/wp-content\/uploads\/2040-32x32.png 32w, https:\/\/columbiafinishingmills.com\/wp-content\/uploads\/2040-320x320.png 320w, https:\/\/columbiafinishingmills.com\/wp-content\/uploads\/2040-100x100.png 100w\" sizes=\"auto, (max-width: 150px) 100vw, 150px\" \/><\/a>\n\t\t\t<\/div>\n\t\t\t\t<figcaption class='wp-caption-text gallery-caption' id='gallery-1-146436'>\n\t\t\t\t2040\n\t\t\t\t<\/figcaption><\/figure><figure class='gallery-item'>\n\t\t\t<div class='gallery-icon portrait'>\n\t\t\t\t<a href='https:\/\/columbiafinishingmills.com\/fr\/?attachment_id=146437'><img loading=\"lazy\" decoding=\"async\" width=\"150\" height=\"150\" src=\"https:\/\/columbiafinishingmills.com\/wp-content\/uploads\/2041-150x150.png\" class=\"attachment-thumbnail size-thumbnail\" alt=\"\" aria-describedby=\"gallery-1-146437\" srcset=\"https:\/\/columbiafinishingmills.com\/wp-content\/uploads\/2041-150x150.png 150w, https:\/\/columbiafinishingmills.com\/wp-content\/uploads\/2041-32x32.png 32w, https:\/\/columbiafinishingmills.com\/wp-content\/uploads\/2041-320x320.png 320w, https:\/\/columbiafinishingmills.com\/wp-content\/uploads\/2041-100x100.png 100w\" sizes=\"auto, (max-width: 150px) 100vw, 150px\" \/><\/a>\n\t\t\t<\/div>\n\t\t\t\t<figcaption class='wp-caption-text gallery-caption' id='gallery-1-146437'>\n\t\t\t\t2041\n\t\t\t\t<\/figcaption><\/figure>\n\t\t<\/div>","protected":false},"excerpt":{"rendered":"<p>Natuurlinnen est un mat\u00e9riau de couverture offrant l\u2019esth\u00e9tique d\u2019un tissu naturel et \u00e9cologique. Il est fabriqu\u00e9 de coton \u00e0 100% et est id\u00e9al pour les reliures de livres luxueux et d\u2019emballages de luxe.  Il se d\u00e9core tr\u00e8s bien avec une pellicule d\u2019estampage ou tout simplement avec d\u00e9bossage. C\u2019est le choix des \u00e9cologistes puisqu\u2019il est fabriqu\u00e9 de coton qui est une resource renouvelable annuellement.<\/p>","protected":false},"featured_media":82893,"template":"","meta":[],"product_brand":[],"product_cat":[2111,15],"product_tag":[2286,844,471,843],"class_list":{"0":"post-81269","1":"product","2":"type-product","3":"status-publish","4":"has-post-thumbnail","6":"product_cat-cloth","7":"product_cat-cover-materials","8":"product_tag-bookcloth","9":"product_tag-cloth","10":"product_tag-cover-material","11":"product_tag-natural","12":"pa_application-albums","13":"pa_application-bookbinding","14":"pa_application-decorative-packaging","15":"pa_application-hobbies-and-crafts","16":"pa_application-printing","17":"pa_application-scrapbooking","18":"pa_decorating-method-blind-stamping","19":"pa_decorating-method-foil-stamping","20":"pa_decorating-method-screen-printing","21":"pa_material-base-cloth","22":"pa_material-composition-100-cotton","23":"pa_material-composition-paper-backing","24":"thunk-woo-product-list","25":"opn-qv-enable","26":"top-store-woo-hover-","27":"top-store-single-product-tab-horizontal","28":"top-store-shadow-","29":"top-store-shadow-hover-","31":"first","32":"instock","33":"shipping-taxable","34":"product-type-simple"},"jetpack_sharing_enabled":true,"_links":{"self":[{"href":"https:\/\/columbiafinishingmills.com\/fr\/wp-json\/wp\/v2\/product\/81269","targetHints":{"allow":["GET"]}}],"collection":[{"href":"https:\/\/columbiafinishingmills.com\/fr\/wp-json\/wp\/v2\/product"}],"about":[{"href":"https:\/\/columbiafinishingmills.com\/fr\/wp-json\/wp\/v2\/types\/product"}],"wp:featuredmedia":[{"embeddable":true,"href":"https:\/\/columbiafinishingmills.com\/fr\/wp-json\/wp\/v2\/media\/82893"}],"wp:attachment":[{"href":"https:\/\/columbiafinishingmills.com\/fr\/wp-json\/wp\/v2\/media?parent=81269"}],"wp:term":[{"taxonomy":"product_brand","embeddable":true,"href":"https:\/\/columbiafinishingmills.com\/fr\/wp-json\/wp\/v2\/product_brand?post=81269"},{"taxonomy":"product_cat","embeddable":true,"href":"https:\/\/columbiafinishingmills.com\/fr\/wp-json\/wp\/v2\/product_cat?post=81269"},{"taxonomy":"product_tag","embeddable":true,"href":"https:\/\/columbiafinishingmills.com\/fr\/wp-json\/wp\/v2\/product_tag?post=81269"}],"curies":[{"name":"wp","href":"https:\/\/api.w.org\/{rel}","templated":true}]}}