{"id":81265,"date":"2019-03-12T20:22:35","date_gmt":"2019-03-12T20:22:35","guid":{"rendered":"http:\/\/columbiafinishingmills.com\/product\/halflinnen\/"},"modified":"2025-05-21T09:12:40","modified_gmt":"2025-05-21T13:12:40","slug":"halflinnen","status":"publish","type":"product","link":"https:\/\/columbiafinishingmills.com\/fr\/produit\/cover-materials\/cloth\/halflinnen\/","title":{"rendered":"Halflinnen\u00ae"},"content":{"rendered":"<div id='gallery-1' class='gallery galleryid-81265 gallery-columns-6 gallery-size-thumbnail'><figure class='gallery-item'>\n\t\t\t<div class='gallery-icon portrait'>\n\t\t\t\t<a href='https:\/\/columbiafinishingmills.com\/fr\/?attachment_id=146046'><img loading=\"lazy\" decoding=\"async\" width=\"150\" height=\"150\" src=\"https:\/\/columbiafinishingmills.com\/wp-content\/uploads\/Dark-150x150.png\" class=\"attachment-thumbnail size-thumbnail\" alt=\"\" aria-describedby=\"gallery-1-146046\" srcset=\"https:\/\/columbiafinishingmills.com\/wp-content\/uploads\/Dark-150x150.png 150w, https:\/\/columbiafinishingmills.com\/wp-content\/uploads\/Dark-32x32.png 32w, https:\/\/columbiafinishingmills.com\/wp-content\/uploads\/Dark-320x320.png 320w, https:\/\/columbiafinishingmills.com\/wp-content\/uploads\/Dark-100x100.png 100w\" sizes=\"auto, (max-width: 150px) 100vw, 150px\" \/><\/a>\n\t\t\t<\/div>\n\t\t\t\t<figcaption class='wp-caption-text gallery-caption' id='gallery-1-146046'>\n\t\t\t\tDark\n\t\t\t\t<\/figcaption><\/figure><figure class='gallery-item'>\n\t\t\t<div class='gallery-icon portrait'>\n\t\t\t\t<a href='https:\/\/columbiafinishingmills.com\/fr\/?attachment_id=146047'><img loading=\"lazy\" decoding=\"async\" width=\"150\" height=\"150\" src=\"https:\/\/columbiafinishingmills.com\/wp-content\/uploads\/Light-150x150.png\" class=\"attachment-thumbnail size-thumbnail\" alt=\"\" aria-describedby=\"gallery-1-146047\" srcset=\"https:\/\/columbiafinishingmills.com\/wp-content\/uploads\/Light-150x150.png 150w, https:\/\/columbiafinishingmills.com\/wp-content\/uploads\/Light-32x32.png 32w, https:\/\/columbiafinishingmills.com\/wp-content\/uploads\/Light-320x320.png 320w, https:\/\/columbiafinishingmills.com\/wp-content\/uploads\/Light-100x100.png 100w\" sizes=\"auto, (max-width: 150px) 100vw, 150px\" \/><\/a>\n\t\t\t<\/div>\n\t\t\t\t<figcaption class='wp-caption-text gallery-caption' id='gallery-1-146047'>\n\t\t\t\tLight\n\t\t\t\t<\/figcaption><\/figure>\n\t\t<\/div>","protected":false},"excerpt":{"rendered":"<p>Le tissu Halflinnen\u2122 est compose de coton et de rayonne, donnant un aspect naturel et textur\u00e9 \u00e0 vos produits et designs. Offert dans des couleurs organiques et brutes, ce tissage naturel impr\u00e8gne la texture de simplicit\u00e9, cr\u00e9ant le mat\u00e9riau de rev\u00eatement parfait pour une cr\u00e9ation durable et moderne. Halflinnen \u2122 est un choix intemporel pour une couverture tiss\u00e9e authentique.<\/p>","protected":false},"featured_media":147690,"template":"","meta":[],"product_brand":[],"product_cat":[2111,15],"product_tag":[2286,471,843],"class_list":{"0":"post-81265","1":"product","2":"type-product","3":"status-publish","4":"has-post-thumbnail","6":"product_cat-cloth","7":"product_cat-cover-materials","8":"product_tag-bookcloth","9":"product_tag-cover-material","10":"product_tag-natural","11":"pa_application-albums","12":"pa_application-bookbinding","13":"pa_application-portfolios","14":"pa_decorating-method-blind-stamping","15":"pa_decorating-method-foil-stamping","16":"pa_decorating-method-screen-printing","17":"pa_material-base-cloth","18":"pa_material-composition-100-cotton","19":"thunk-woo-product-list","20":"opn-qv-enable","21":"top-store-woo-hover-","22":"top-store-single-product-tab-horizontal","23":"top-store-shadow-","24":"top-store-shadow-hover-","26":"first","27":"instock","28":"shipping-taxable","29":"product-type-simple"},"jetpack_sharing_enabled":true,"_links":{"self":[{"href":"https:\/\/columbiafinishingmills.com\/fr\/wp-json\/wp\/v2\/product\/81265","targetHints":{"allow":["GET"]}}],"collection":[{"href":"https:\/\/columbiafinishingmills.com\/fr\/wp-json\/wp\/v2\/product"}],"about":[{"href":"https:\/\/columbiafinishingmills.com\/fr\/wp-json\/wp\/v2\/types\/product"}],"wp:featuredmedia":[{"embeddable":true,"href":"https:\/\/columbiafinishingmills.com\/fr\/wp-json\/wp\/v2\/media\/147690"}],"wp:attachment":[{"href":"https:\/\/columbiafinishingmills.com\/fr\/wp-json\/wp\/v2\/media?parent=81265"}],"wp:term":[{"taxonomy":"product_brand","embeddable":true,"href":"https:\/\/columbiafinishingmills.com\/fr\/wp-json\/wp\/v2\/product_brand?post=81265"},{"taxonomy":"product_cat","embeddable":true,"href":"https:\/\/columbiafinishingmills.com\/fr\/wp-json\/wp\/v2\/product_cat?post=81265"},{"taxonomy":"product_tag","embeddable":true,"href":"https:\/\/columbiafinishingmills.com\/fr\/wp-json\/wp\/v2\/product_tag?post=81265"}],"curies":[{"name":"wp","href":"https:\/\/api.w.org\/{rel}","templated":true}]}}