{"id":81247,"date":"2019-03-12T20:10:27","date_gmt":"2019-03-12T20:10:27","guid":{"rendered":"http:\/\/columbiafinishingmills.com\/product\/alpha-aston\/"},"modified":"2024-05-21T08:58:37","modified_gmt":"2024-05-21T12:58:37","slug":"alpha-aston","status":"publish","type":"product","link":"https:\/\/columbiafinishingmills.com\/fr\/produit\/cover-materials\/leather\/alpha-aston\/","title":{"rendered":"Alpha Aston\u00ae"},"content":{"rendered":"<div id='gallery-1' class='gallery galleryid-81247 gallery-columns-6 gallery-size-thumbnail'><figure class='gallery-item'>\n\t\t\t<div class='gallery-icon portrait'>\n\t\t\t\t<a href='https:\/\/columbiafinishingmills.com\/fr\/?attachment_id=145808'><img loading=\"lazy\" decoding=\"async\" width=\"150\" height=\"150\" src=\"https:\/\/columbiafinishingmills.com\/wp-content\/uploads\/3702-150x150.png\" class=\"attachment-thumbnail size-thumbnail\" alt=\"\" aria-describedby=\"gallery-1-145808\" srcset=\"https:\/\/columbiafinishingmills.com\/wp-content\/uploads\/3702-150x150.png 150w, https:\/\/columbiafinishingmills.com\/wp-content\/uploads\/3702-32x32.png 32w, https:\/\/columbiafinishingmills.com\/wp-content\/uploads\/3702-320x320.png 320w, https:\/\/columbiafinishingmills.com\/wp-content\/uploads\/3702-100x100.png 100w\" sizes=\"auto, (max-width: 150px) 100vw, 150px\" \/><\/a>\n\t\t\t<\/div>\n\t\t\t\t<figcaption class='wp-caption-text gallery-caption' id='gallery-1-145808'>\n\t\t\t\t3702\n\t\t\t\t<\/figcaption><\/figure><figure class='gallery-item'>\n\t\t\t<div class='gallery-icon portrait'>\n\t\t\t\t<a href='https:\/\/columbiafinishingmills.com\/fr\/?attachment_id=145809'><img loading=\"lazy\" decoding=\"async\" width=\"150\" height=\"150\" src=\"https:\/\/columbiafinishingmills.com\/wp-content\/uploads\/3705-150x150.png\" class=\"attachment-thumbnail size-thumbnail\" alt=\"\" aria-describedby=\"gallery-1-145809\" srcset=\"https:\/\/columbiafinishingmills.com\/wp-content\/uploads\/3705-150x150.png 150w, https:\/\/columbiafinishingmills.com\/wp-content\/uploads\/3705-32x32.png 32w, https:\/\/columbiafinishingmills.com\/wp-content\/uploads\/3705-320x320.png 320w, https:\/\/columbiafinishingmills.com\/wp-content\/uploads\/3705-100x100.png 100w\" sizes=\"auto, (max-width: 150px) 100vw, 150px\" \/><\/a>\n\t\t\t<\/div>\n\t\t\t\t<figcaption class='wp-caption-text gallery-caption' id='gallery-1-145809'>\n\t\t\t\t3705\n\t\t\t\t<\/figcaption><\/figure><figure class='gallery-item'>\n\t\t\t<div class='gallery-icon portrait'>\n\t\t\t\t<a href='https:\/\/columbiafinishingmills.com\/fr\/?attachment_id=145810'><img loading=\"lazy\" decoding=\"async\" width=\"150\" height=\"150\" src=\"https:\/\/columbiafinishingmills.com\/wp-content\/uploads\/3707-150x150.png\" class=\"attachment-thumbnail size-thumbnail\" alt=\"\" aria-describedby=\"gallery-1-145810\" srcset=\"https:\/\/columbiafinishingmills.com\/wp-content\/uploads\/3707-150x150.png 150w, https:\/\/columbiafinishingmills.com\/wp-content\/uploads\/3707-32x32.png 32w, https:\/\/columbiafinishingmills.com\/wp-content\/uploads\/3707-320x320.png 320w, https:\/\/columbiafinishingmills.com\/wp-content\/uploads\/3707-100x100.png 100w\" sizes=\"auto, (max-width: 150px) 100vw, 150px\" \/><\/a>\n\t\t\t<\/div>\n\t\t\t\t<figcaption class='wp-caption-text gallery-caption' id='gallery-1-145810'>\n\t\t\t\t3707\n\t\t\t\t<\/figcaption><\/figure>\n\t\t<\/div>","protected":false},"excerpt":{"rendered":"<p>Un mat\u00e9riau de rev\u00eatement en cuir synth\u00e9tique haut de gamme, Alpha Aston est un mat\u00e9riau de rev\u00eatement non tiss\u00e9 thermosensible offrant la sensation souple du cuir avec une finition mate et douce au toucher. Aston est disponible dans une collection de couleurs chics et vibrantes permettant aux clients de concevoir avec \u00e9nergie et originalit\u00e9. Offrant une excellente surface pour l'estampage et le brunissage, et contenant des propri\u00e9t\u00e9s durables - Plainte CPSIA et REACH 161, sans solvant et sans m\u00e9taux lourds, et r\u00e9pondant \u00e0 toutes les demandes SGS - Aston apporte un niveau de conception sophistiqu\u00e9 aux march\u00e9s de la papeterie, de l'emballage et du livre de luxe .<\/p>","protected":false},"featured_media":81873,"template":"","meta":[],"product_brand":[],"product_cat":[15,2110,2109],"product_tag":[471,614,637],"class_list":{"0":"post-81247","1":"product","2":"type-product","3":"status-publish","4":"has-post-thumbnail","6":"product_cat-cover-materials","7":"product_cat-leather","8":"product_cat-pu","9":"product_tag-cover-material","10":"product_tag-faux-leather","11":"product_tag-thermo-sensitive","12":"pa_application-albums","13":"pa_application-decorative-packaging","14":"pa_application-hobbies-and-crafts","15":"pa_application-looseleaf","16":"pa_application-menus-and-hospitality","17":"pa_application-point-of-purchase","18":"pa_application-portfolios","19":"pa_certification-cpsia","20":"pa_certification-reach-161","21":"pa_decorating-method-blind-stamping","22":"pa_decorating-method-foil-stamping","23":"pa_decorating-method-heat-burnishing","24":"pa_manufacturer-ecological-fibers-inc","25":"pa_material-base-pu-polyurethane","26":"pa_material-composition-non-woven-synthetic","27":"thunk-woo-product-list","28":"opn-qv-enable","29":"top-store-woo-hover-","30":"top-store-single-product-tab-horizontal","31":"top-store-shadow-","32":"top-store-shadow-hover-","34":"first","35":"instock","36":"shipping-taxable","37":"product-type-simple"},"jetpack_sharing_enabled":true,"_links":{"self":[{"href":"https:\/\/columbiafinishingmills.com\/fr\/wp-json\/wp\/v2\/product\/81247","targetHints":{"allow":["GET"]}}],"collection":[{"href":"https:\/\/columbiafinishingmills.com\/fr\/wp-json\/wp\/v2\/product"}],"about":[{"href":"https:\/\/columbiafinishingmills.com\/fr\/wp-json\/wp\/v2\/types\/product"}],"wp:featuredmedia":[{"embeddable":true,"href":"https:\/\/columbiafinishingmills.com\/fr\/wp-json\/wp\/v2\/media\/81873"}],"wp:attachment":[{"href":"https:\/\/columbiafinishingmills.com\/fr\/wp-json\/wp\/v2\/media?parent=81247"}],"wp:term":[{"taxonomy":"product_brand","embeddable":true,"href":"https:\/\/columbiafinishingmills.com\/fr\/wp-json\/wp\/v2\/product_brand?post=81247"},{"taxonomy":"product_cat","embeddable":true,"href":"https:\/\/columbiafinishingmills.com\/fr\/wp-json\/wp\/v2\/product_cat?post=81247"},{"taxonomy":"product_tag","embeddable":true,"href":"https:\/\/columbiafinishingmills.com\/fr\/wp-json\/wp\/v2\/product_tag?post=81247"}],"curies":[{"name":"wp","href":"https:\/\/api.w.org\/{rel}","templated":true}]}}