{"id":81191,"date":"2019-03-12T19:52:40","date_gmt":"2019-03-12T19:52:40","guid":{"rendered":"http:\/\/columbiafinishingmills.com\/product\/rainbow-marble\/"},"modified":"2024-05-22T10:16:33","modified_gmt":"2024-05-22T14:16:33","slug":"rainbow-marble","status":"publish","type":"product","link":"https:\/\/columbiafinishingmills.com\/fr\/produit\/cover-materials\/paper\/rainbow-marble\/","title":{"rendered":"Rainbow Marble\u00ae"},"content":{"rendered":"<div id='gallery-1' class='gallery galleryid-81191 gallery-columns-6 gallery-size-thumbnail'><figure class='gallery-item'>\n\t\t\t<div class='gallery-icon portrait'>\n\t\t\t\t<a href='https:\/\/columbiafinishingmills.com\/fr\/?attachment_id=146906'><img loading=\"lazy\" decoding=\"async\" width=\"150\" height=\"150\" src=\"https:\/\/columbiafinishingmills.com\/wp-content\/uploads\/Azul-150x150.png\" class=\"attachment-thumbnail size-thumbnail\" alt=\"\" aria-describedby=\"gallery-1-146906\" srcset=\"https:\/\/columbiafinishingmills.com\/wp-content\/uploads\/Azul-150x150.png 150w, https:\/\/columbiafinishingmills.com\/wp-content\/uploads\/Azul-32x32.png 32w, https:\/\/columbiafinishingmills.com\/wp-content\/uploads\/Azul-320x320.png 320w, https:\/\/columbiafinishingmills.com\/wp-content\/uploads\/Azul-100x100.png 100w\" sizes=\"auto, (max-width: 150px) 100vw, 150px\" \/><\/a>\n\t\t\t<\/div>\n\t\t\t\t<figcaption class='wp-caption-text gallery-caption' id='gallery-1-146906'>\n\t\t\t\tAzul\n\t\t\t\t<\/figcaption><\/figure><figure class='gallery-item'>\n\t\t\t<div class='gallery-icon portrait'>\n\t\t\t\t<a href='https:\/\/columbiafinishingmills.com\/fr\/?attachment_id=146907'><img loading=\"lazy\" decoding=\"async\" width=\"150\" height=\"150\" src=\"https:\/\/columbiafinishingmills.com\/wp-content\/uploads\/Bronzite-150x150.png\" class=\"attachment-thumbnail size-thumbnail\" alt=\"\" aria-describedby=\"gallery-1-146907\" srcset=\"https:\/\/columbiafinishingmills.com\/wp-content\/uploads\/Bronzite-150x150.png 150w, https:\/\/columbiafinishingmills.com\/wp-content\/uploads\/Bronzite-32x32.png 32w, https:\/\/columbiafinishingmills.com\/wp-content\/uploads\/Bronzite-320x320.png 320w, https:\/\/columbiafinishingmills.com\/wp-content\/uploads\/Bronzite-100x100.png 100w\" sizes=\"auto, (max-width: 150px) 100vw, 150px\" \/><\/a>\n\t\t\t<\/div>\n\t\t\t\t<figcaption class='wp-caption-text gallery-caption' id='gallery-1-146907'>\n\t\t\t\tBronzite\n\t\t\t\t<\/figcaption><\/figure><figure class='gallery-item'>\n\t\t\t<div class='gallery-icon portrait'>\n\t\t\t\t<a href='https:\/\/columbiafinishingmills.com\/fr\/?attachment_id=146908'><img loading=\"lazy\" decoding=\"async\" width=\"150\" height=\"150\" src=\"https:\/\/columbiafinishingmills.com\/wp-content\/uploads\/Charoite-150x150.png\" class=\"attachment-thumbnail size-thumbnail\" alt=\"\" aria-describedby=\"gallery-1-146908\" srcset=\"https:\/\/columbiafinishingmills.com\/wp-content\/uploads\/Charoite-150x150.png 150w, https:\/\/columbiafinishingmills.com\/wp-content\/uploads\/Charoite-32x32.png 32w, https:\/\/columbiafinishingmills.com\/wp-content\/uploads\/Charoite-320x320.png 320w, https:\/\/columbiafinishingmills.com\/wp-content\/uploads\/Charoite-100x100.png 100w\" sizes=\"auto, (max-width: 150px) 100vw, 150px\" \/><\/a>\n\t\t\t<\/div>\n\t\t\t\t<figcaption class='wp-caption-text gallery-caption' id='gallery-1-146908'>\n\t\t\t\tCharoite\n\t\t\t\t<\/figcaption><\/figure><figure class='gallery-item'>\n\t\t\t<div class='gallery-icon portrait'>\n\t\t\t\t<a href='https:\/\/columbiafinishingmills.com\/fr\/?attachment_id=146909'><img loading=\"lazy\" decoding=\"async\" width=\"150\" height=\"150\" src=\"https:\/\/columbiafinishingmills.com\/wp-content\/uploads\/Crystal-150x150.png\" class=\"attachment-thumbnail size-thumbnail\" alt=\"\" aria-describedby=\"gallery-1-146909\" srcset=\"https:\/\/columbiafinishingmills.com\/wp-content\/uploads\/Crystal-150x150.png 150w, https:\/\/columbiafinishingmills.com\/wp-content\/uploads\/Crystal-32x32.png 32w, https:\/\/columbiafinishingmills.com\/wp-content\/uploads\/Crystal-320x320.png 320w, https:\/\/columbiafinishingmills.com\/wp-content\/uploads\/Crystal-100x100.png 100w\" sizes=\"auto, (max-width: 150px) 100vw, 150px\" \/><\/a>\n\t\t\t<\/div>\n\t\t\t\t<figcaption class='wp-caption-text gallery-caption' id='gallery-1-146909'>\n\t\t\t\tCrystal\n\t\t\t\t<\/figcaption><\/figure><figure class='gallery-item'>\n\t\t\t<div class='gallery-icon portrait'>\n\t\t\t\t<a href='https:\/\/columbiafinishingmills.com\/fr\/?attachment_id=146910'><img loading=\"lazy\" decoding=\"async\" width=\"150\" height=\"150\" src=\"https:\/\/columbiafinishingmills.com\/wp-content\/uploads\/Ebony-150x150.png\" class=\"attachment-thumbnail size-thumbnail\" alt=\"\" aria-describedby=\"gallery-1-146910\" srcset=\"https:\/\/columbiafinishingmills.com\/wp-content\/uploads\/Ebony-150x150.png 150w, https:\/\/columbiafinishingmills.com\/wp-content\/uploads\/Ebony-32x32.png 32w, https:\/\/columbiafinishingmills.com\/wp-content\/uploads\/Ebony-320x320.png 320w, https:\/\/columbiafinishingmills.com\/wp-content\/uploads\/Ebony-100x100.png 100w\" sizes=\"auto, (max-width: 150px) 100vw, 150px\" \/><\/a>\n\t\t\t<\/div>\n\t\t\t\t<figcaption class='wp-caption-text gallery-caption' id='gallery-1-146910'>\n\t\t\t\tEbony\n\t\t\t\t<\/figcaption><\/figure><figure class='gallery-item'>\n\t\t\t<div class='gallery-icon portrait'>\n\t\t\t\t<a href='https:\/\/columbiafinishingmills.com\/fr\/?attachment_id=146911'><img loading=\"lazy\" decoding=\"async\" width=\"150\" height=\"150\" src=\"https:\/\/columbiafinishingmills.com\/wp-content\/uploads\/Ivy-150x150.png\" class=\"attachment-thumbnail size-thumbnail\" alt=\"\" aria-describedby=\"gallery-1-146911\" srcset=\"https:\/\/columbiafinishingmills.com\/wp-content\/uploads\/Ivy-150x150.png 150w, https:\/\/columbiafinishingmills.com\/wp-content\/uploads\/Ivy-32x32.png 32w, https:\/\/columbiafinishingmills.com\/wp-content\/uploads\/Ivy-320x320.png 320w, https:\/\/columbiafinishingmills.com\/wp-content\/uploads\/Ivy-100x100.png 100w\" sizes=\"auto, (max-width: 150px) 100vw, 150px\" \/><\/a>\n\t\t\t<\/div>\n\t\t\t\t<figcaption class='wp-caption-text gallery-caption' id='gallery-1-146911'>\n\t\t\t\tIvy\n\t\t\t\t<\/figcaption><\/figure><figure class='gallery-item'>\n\t\t\t<div class='gallery-icon portrait'>\n\t\t\t\t<a href='https:\/\/columbiafinishingmills.com\/fr\/?attachment_id=146912'><img loading=\"lazy\" decoding=\"async\" width=\"150\" height=\"150\" src=\"https:\/\/columbiafinishingmills.com\/wp-content\/uploads\/Juniper-150x150.png\" class=\"attachment-thumbnail size-thumbnail\" alt=\"\" aria-describedby=\"gallery-1-146912\" srcset=\"https:\/\/columbiafinishingmills.com\/wp-content\/uploads\/Juniper-150x150.png 150w, https:\/\/columbiafinishingmills.com\/wp-content\/uploads\/Juniper-32x32.png 32w, https:\/\/columbiafinishingmills.com\/wp-content\/uploads\/Juniper-320x320.png 320w, https:\/\/columbiafinishingmills.com\/wp-content\/uploads\/Juniper-100x100.png 100w\" sizes=\"auto, (max-width: 150px) 100vw, 150px\" \/><\/a>\n\t\t\t<\/div>\n\t\t\t\t<figcaption class='wp-caption-text gallery-caption' id='gallery-1-146912'>\n\t\t\t\tJuniper\n\t\t\t\t<\/figcaption><\/figure><figure class='gallery-item'>\n\t\t\t<div class='gallery-icon portrait'>\n\t\t\t\t<a href='https:\/\/columbiafinishingmills.com\/fr\/?attachment_id=146913'><img loading=\"lazy\" decoding=\"async\" width=\"150\" height=\"150\" src=\"https:\/\/columbiafinishingmills.com\/wp-content\/uploads\/Lazulil-150x150.png\" class=\"attachment-thumbnail size-thumbnail\" alt=\"\" aria-describedby=\"gallery-1-146913\" srcset=\"https:\/\/columbiafinishingmills.com\/wp-content\/uploads\/Lazulil-150x150.png 150w, https:\/\/columbiafinishingmills.com\/wp-content\/uploads\/Lazulil-32x32.png 32w, https:\/\/columbiafinishingmills.com\/wp-content\/uploads\/Lazulil-320x320.png 320w, https:\/\/columbiafinishingmills.com\/wp-content\/uploads\/Lazulil-100x100.png 100w\" sizes=\"auto, (max-width: 150px) 100vw, 150px\" \/><\/a>\n\t\t\t<\/div>\n\t\t\t\t<figcaption class='wp-caption-text gallery-caption' id='gallery-1-146913'>\n\t\t\t\tLazuli\n\t\t\t\t<\/figcaption><\/figure><figure class='gallery-item'>\n\t\t\t<div class='gallery-icon portrait'>\n\t\t\t\t<a href='https:\/\/columbiafinishingmills.com\/fr\/?attachment_id=146914'><img loading=\"lazy\" decoding=\"async\" width=\"150\" height=\"150\" src=\"https:\/\/columbiafinishingmills.com\/wp-content\/uploads\/Mica-150x150.png\" class=\"attachment-thumbnail size-thumbnail\" alt=\"\" aria-describedby=\"gallery-1-146914\" srcset=\"https:\/\/columbiafinishingmills.com\/wp-content\/uploads\/Mica-150x150.png 150w, https:\/\/columbiafinishingmills.com\/wp-content\/uploads\/Mica-32x32.png 32w, https:\/\/columbiafinishingmills.com\/wp-content\/uploads\/Mica-320x320.png 320w, https:\/\/columbiafinishingmills.com\/wp-content\/uploads\/Mica-100x100.png 100w\" sizes=\"auto, (max-width: 150px) 100vw, 150px\" \/><\/a>\n\t\t\t<\/div>\n\t\t\t\t<figcaption class='wp-caption-text gallery-caption' id='gallery-1-146914'>\n\t\t\t\tMica\n\t\t\t\t<\/figcaption><\/figure><figure class='gallery-item'>\n\t\t\t<div class='gallery-icon portrait'>\n\t\t\t\t<a href='https:\/\/columbiafinishingmills.com\/fr\/?attachment_id=146915'><img loading=\"lazy\" decoding=\"async\" width=\"150\" height=\"150\" src=\"https:\/\/columbiafinishingmills.com\/wp-content\/uploads\/Oracle-150x150.png\" class=\"attachment-thumbnail size-thumbnail\" alt=\"\" aria-describedby=\"gallery-1-146915\" srcset=\"https:\/\/columbiafinishingmills.com\/wp-content\/uploads\/Oracle-150x150.png 150w, https:\/\/columbiafinishingmills.com\/wp-content\/uploads\/Oracle-32x32.png 32w, https:\/\/columbiafinishingmills.com\/wp-content\/uploads\/Oracle-320x320.png 320w, https:\/\/columbiafinishingmills.com\/wp-content\/uploads\/Oracle-100x100.png 100w\" sizes=\"auto, (max-width: 150px) 100vw, 150px\" \/><\/a>\n\t\t\t<\/div>\n\t\t\t\t<figcaption class='wp-caption-text gallery-caption' id='gallery-1-146915'>\n\t\t\t\tOracle\n\t\t\t\t<\/figcaption><\/figure><figure class='gallery-item'>\n\t\t\t<div class='gallery-icon portrait'>\n\t\t\t\t<a href='https:\/\/columbiafinishingmills.com\/fr\/?attachment_id=146917'><img loading=\"lazy\" decoding=\"async\" width=\"150\" height=\"150\" src=\"https:\/\/columbiafinishingmills.com\/wp-content\/uploads\/Sunray-150x150.png\" class=\"attachment-thumbnail size-thumbnail\" alt=\"\" aria-describedby=\"gallery-1-146917\" srcset=\"https:\/\/columbiafinishingmills.com\/wp-content\/uploads\/Sunray-150x150.png 150w, https:\/\/columbiafinishingmills.com\/wp-content\/uploads\/Sunray-32x32.png 32w, https:\/\/columbiafinishingmills.com\/wp-content\/uploads\/Sunray-320x320.png 320w, https:\/\/columbiafinishingmills.com\/wp-content\/uploads\/Sunray-100x100.png 100w\" sizes=\"auto, (max-width: 150px) 100vw, 150px\" \/><\/a>\n\t\t\t<\/div>\n\t\t\t\t<figcaption class='wp-caption-text gallery-caption' id='gallery-1-146917'>\n\t\t\t\tSunray\n\t\t\t\t<\/figcaption><\/figure><figure class='gallery-item'>\n\t\t\t<div class='gallery-icon portrait'>\n\t\t\t\t<a href='https:\/\/columbiafinishingmills.com\/fr\/?attachment_id=146918'><img loading=\"lazy\" decoding=\"async\" width=\"150\" height=\"150\" src=\"https:\/\/columbiafinishingmills.com\/wp-content\/uploads\/Tiger-Eye-150x150.png\" class=\"attachment-thumbnail size-thumbnail\" alt=\"\" aria-describedby=\"gallery-1-146918\" srcset=\"https:\/\/columbiafinishingmills.com\/wp-content\/uploads\/Tiger-Eye-150x150.png 150w, https:\/\/columbiafinishingmills.com\/wp-content\/uploads\/Tiger-Eye-32x32.png 32w, https:\/\/columbiafinishingmills.com\/wp-content\/uploads\/Tiger-Eye-320x320.png 320w, https:\/\/columbiafinishingmills.com\/wp-content\/uploads\/Tiger-Eye-100x100.png 100w\" sizes=\"auto, (max-width: 150px) 100vw, 150px\" \/><\/a>\n\t\t\t<\/div>\n\t\t\t\t<figcaption class='wp-caption-text gallery-caption' id='gallery-1-146918'>\n\t\t\t\tTiger Eye\n\t\t\t\t<\/figcaption><\/figure>\n\t\t<\/div>","protected":false},"excerpt":{"rendered":"<p>En ce qui concerne le style intemporel, vous ne pouvez pas battre le look naturel et \u00e9l\u00e9gant du marbre. Riche et raffin\u00e9, Rainbow<sup>\u00ae\u00a0<\/sup>Marble distinguishes itself among covering designs through an opulent color palette that ranges from copper to brown, navy to sage and tan to black. Embodying contrasting elements that deliver a unique appearance by combining similar or contrasting tones, this natural material will instantly elevate the image of any book or box displayed among the shelves.<\/p>","protected":false},"featured_media":83730,"template":"","meta":[],"product_brand":[],"product_cat":[2108,15],"product_tag":[2322,471,661],"class_list":{"0":"post-81191","1":"product","2":"type-product","3":"status-publish","4":"has-post-thumbnail","6":"product_cat-paper","7":"product_cat-cover-materials","8":"product_tag-bookbinding-paper","9":"product_tag-cover-material","10":"product_tag-paper","11":"pa_application-albums","12":"pa_application-bookbinding","13":"pa_application-decorative-packaging","14":"pa_decorating-method-blind-stamping","15":"pa_decorating-method-foil-stamping","16":"pa_decorating-method-screen-printing","17":"pa_material-base-paper","18":"pa_material-composition-kraft","19":"thunk-woo-product-list","20":"opn-qv-enable","21":"top-store-woo-hover-","22":"top-store-single-product-tab-horizontal","23":"top-store-shadow-","24":"top-store-shadow-hover-","26":"first","27":"instock","28":"shipping-taxable","29":"product-type-simple"},"jetpack_sharing_enabled":true,"_links":{"self":[{"href":"https:\/\/columbiafinishingmills.com\/fr\/wp-json\/wp\/v2\/product\/81191","targetHints":{"allow":["GET"]}}],"collection":[{"href":"https:\/\/columbiafinishingmills.com\/fr\/wp-json\/wp\/v2\/product"}],"about":[{"href":"https:\/\/columbiafinishingmills.com\/fr\/wp-json\/wp\/v2\/types\/product"}],"wp:featuredmedia":[{"embeddable":true,"href":"https:\/\/columbiafinishingmills.com\/fr\/wp-json\/wp\/v2\/media\/83730"}],"wp:attachment":[{"href":"https:\/\/columbiafinishingmills.com\/fr\/wp-json\/wp\/v2\/media?parent=81191"}],"wp:term":[{"taxonomy":"product_brand","embeddable":true,"href":"https:\/\/columbiafinishingmills.com\/fr\/wp-json\/wp\/v2\/product_brand?post=81191"},{"taxonomy":"product_cat","embeddable":true,"href":"https:\/\/columbiafinishingmills.com\/fr\/wp-json\/wp\/v2\/product_cat?post=81191"},{"taxonomy":"product_tag","embeddable":true,"href":"https:\/\/columbiafinishingmills.com\/fr\/wp-json\/wp\/v2\/product_tag?post=81191"}],"curies":[{"name":"wp","href":"https:\/\/api.w.org\/{rel}","templated":true}]}}