{"id":81172,"date":"2019-03-12T19:04:59","date_gmt":"2019-03-12T19:04:59","guid":{"rendered":"http:\/\/columbiafinishingmills.com\/product\/rainbow-3\/"},"modified":"2024-05-21T15:29:34","modified_gmt":"2024-05-21T19:29:34","slug":"rainbow-3","status":"publish","type":"product","link":"https:\/\/columbiafinishingmills.com\/fr\/produit\/cover-materials\/paper\/rainbow-3\/","title":{"rendered":"Rainbow 3\u00ae"},"content":{"rendered":"<div id='gallery-1' class='gallery galleryid-81172 gallery-columns-6 gallery-size-thumbnail'><figure class='gallery-item'>\n\t\t\t<div class='gallery-icon portrait'>\n\t\t\t\t<a href='https:\/\/columbiafinishingmills.com\/fr\/?attachment_id=146643'><img loading=\"lazy\" decoding=\"async\" width=\"150\" height=\"150\" src=\"https:\/\/columbiafinishingmills.com\/wp-content\/uploads\/Arctic-380-150x150.png\" class=\"attachment-thumbnail size-thumbnail\" alt=\"\" aria-describedby=\"gallery-1-146643\" srcset=\"https:\/\/columbiafinishingmills.com\/wp-content\/uploads\/Arctic-380-150x150.png 150w, https:\/\/columbiafinishingmills.com\/wp-content\/uploads\/Arctic-380-32x32.png 32w, https:\/\/columbiafinishingmills.com\/wp-content\/uploads\/Arctic-380-320x320.png 320w, https:\/\/columbiafinishingmills.com\/wp-content\/uploads\/Arctic-380-100x100.png 100w\" sizes=\"auto, (max-width: 150px) 100vw, 150px\" \/><\/a>\n\t\t\t<\/div>\n\t\t\t\t<figcaption class='wp-caption-text gallery-caption' id='gallery-1-146643'>\n\t\t\t\tArctic 380\n\t\t\t\t<\/figcaption><\/figure><figure class='gallery-item'>\n\t\t\t<div class='gallery-icon portrait'>\n\t\t\t\t<a href='https:\/\/columbiafinishingmills.com\/fr\/?attachment_id=146644'><img loading=\"lazy\" decoding=\"async\" width=\"150\" height=\"150\" src=\"https:\/\/columbiafinishingmills.com\/wp-content\/uploads\/Black-375-150x150.png\" class=\"attachment-thumbnail size-thumbnail\" alt=\"\" aria-describedby=\"gallery-1-146644\" srcset=\"https:\/\/columbiafinishingmills.com\/wp-content\/uploads\/Black-375-150x150.png 150w, https:\/\/columbiafinishingmills.com\/wp-content\/uploads\/Black-375-32x32.png 32w, https:\/\/columbiafinishingmills.com\/wp-content\/uploads\/Black-375-320x320.png 320w, https:\/\/columbiafinishingmills.com\/wp-content\/uploads\/Black-375-100x100.png 100w\" sizes=\"auto, (max-width: 150px) 100vw, 150px\" \/><\/a>\n\t\t\t<\/div>\n\t\t\t\t<figcaption class='wp-caption-text gallery-caption' id='gallery-1-146644'>\n\t\t\t\tBlack 375\n\t\t\t\t<\/figcaption><\/figure><figure class='gallery-item'>\n\t\t\t<div class='gallery-icon portrait'>\n\t\t\t\t<a href='https:\/\/columbiafinishingmills.com\/fr\/?attachment_id=146645'><img loading=\"lazy\" decoding=\"async\" width=\"150\" height=\"150\" src=\"https:\/\/columbiafinishingmills.com\/wp-content\/uploads\/Cinnamon-313-150x150.png\" class=\"attachment-thumbnail size-thumbnail\" alt=\"\" aria-describedby=\"gallery-1-146645\" srcset=\"https:\/\/columbiafinishingmills.com\/wp-content\/uploads\/Cinnamon-313-150x150.png 150w, https:\/\/columbiafinishingmills.com\/wp-content\/uploads\/Cinnamon-313-32x32.png 32w, https:\/\/columbiafinishingmills.com\/wp-content\/uploads\/Cinnamon-313-320x320.png 320w, https:\/\/columbiafinishingmills.com\/wp-content\/uploads\/Cinnamon-313-100x100.png 100w\" sizes=\"auto, (max-width: 150px) 100vw, 150px\" \/><\/a>\n\t\t\t<\/div>\n\t\t\t\t<figcaption class='wp-caption-text gallery-caption' id='gallery-1-146645'>\n\t\t\t\tCinnamon 313\n\t\t\t\t<\/figcaption><\/figure><figure class='gallery-item'>\n\t\t\t<div class='gallery-icon portrait'>\n\t\t\t\t<a href='https:\/\/columbiafinishingmills.com\/fr\/?attachment_id=146646'><img loading=\"lazy\" decoding=\"async\" width=\"150\" height=\"150\" src=\"https:\/\/columbiafinishingmills.com\/wp-content\/uploads\/Forest-340-150x150.png\" class=\"attachment-thumbnail size-thumbnail\" alt=\"\" aria-describedby=\"gallery-1-146646\" srcset=\"https:\/\/columbiafinishingmills.com\/wp-content\/uploads\/Forest-340-150x150.png 150w, https:\/\/columbiafinishingmills.com\/wp-content\/uploads\/Forest-340-32x32.png 32w, https:\/\/columbiafinishingmills.com\/wp-content\/uploads\/Forest-340-320x320.png 320w, https:\/\/columbiafinishingmills.com\/wp-content\/uploads\/Forest-340-100x100.png 100w\" sizes=\"auto, (max-width: 150px) 100vw, 150px\" \/><\/a>\n\t\t\t<\/div>\n\t\t\t\t<figcaption class='wp-caption-text gallery-caption' id='gallery-1-146646'>\n\t\t\t\tForest 340\n\t\t\t\t<\/figcaption><\/figure><figure class='gallery-item'>\n\t\t\t<div class='gallery-icon portrait'>\n\t\t\t\t<a href='https:\/\/columbiafinishingmills.com\/fr\/?attachment_id=146647'><img loading=\"lazy\" decoding=\"async\" width=\"150\" height=\"150\" src=\"https:\/\/columbiafinishingmills.com\/wp-content\/uploads\/Graphite-318-150x150.png\" class=\"attachment-thumbnail size-thumbnail\" alt=\"\" aria-describedby=\"gallery-1-146647\" srcset=\"https:\/\/columbiafinishingmills.com\/wp-content\/uploads\/Graphite-318-150x150.png 150w, https:\/\/columbiafinishingmills.com\/wp-content\/uploads\/Graphite-318-32x32.png 32w, https:\/\/columbiafinishingmills.com\/wp-content\/uploads\/Graphite-318-320x320.png 320w, https:\/\/columbiafinishingmills.com\/wp-content\/uploads\/Graphite-318-100x100.png 100w\" sizes=\"auto, (max-width: 150px) 100vw, 150px\" \/><\/a>\n\t\t\t<\/div>\n\t\t\t\t<figcaption class='wp-caption-text gallery-caption' id='gallery-1-146647'>\n\t\t\t\tGraphite 318\n\t\t\t\t<\/figcaption><\/figure><figure class='gallery-item'>\n\t\t\t<div class='gallery-icon portrait'>\n\t\t\t\t<a href='https:\/\/columbiafinishingmills.com\/fr\/?attachment_id=146648'><img loading=\"lazy\" decoding=\"async\" width=\"150\" height=\"150\" src=\"https:\/\/columbiafinishingmills.com\/wp-content\/uploads\/Maroon-309-150x150.png\" class=\"attachment-thumbnail size-thumbnail\" alt=\"\" aria-describedby=\"gallery-1-146648\" srcset=\"https:\/\/columbiafinishingmills.com\/wp-content\/uploads\/Maroon-309-150x150.png 150w, https:\/\/columbiafinishingmills.com\/wp-content\/uploads\/Maroon-309-32x32.png 32w, https:\/\/columbiafinishingmills.com\/wp-content\/uploads\/Maroon-309-320x320.png 320w, https:\/\/columbiafinishingmills.com\/wp-content\/uploads\/Maroon-309-100x100.png 100w\" sizes=\"auto, (max-width: 150px) 100vw, 150px\" \/><\/a>\n\t\t\t<\/div>\n\t\t\t\t<figcaption class='wp-caption-text gallery-caption' id='gallery-1-146648'>\n\t\t\t\tMaroon 309\n\t\t\t\t<\/figcaption><\/figure><figure class='gallery-item'>\n\t\t\t<div class='gallery-icon portrait'>\n\t\t\t\t<a href='https:\/\/columbiafinishingmills.com\/fr\/?attachment_id=146649'><img loading=\"lazy\" decoding=\"async\" width=\"150\" height=\"150\" src=\"https:\/\/columbiafinishingmills.com\/wp-content\/uploads\/Midnight-343-150x150.png\" class=\"attachment-thumbnail size-thumbnail\" alt=\"\" aria-describedby=\"gallery-1-146649\" srcset=\"https:\/\/columbiafinishingmills.com\/wp-content\/uploads\/Midnight-343-150x150.png 150w, https:\/\/columbiafinishingmills.com\/wp-content\/uploads\/Midnight-343-32x32.png 32w, https:\/\/columbiafinishingmills.com\/wp-content\/uploads\/Midnight-343-320x320.png 320w, https:\/\/columbiafinishingmills.com\/wp-content\/uploads\/Midnight-343-100x100.png 100w\" sizes=\"auto, (max-width: 150px) 100vw, 150px\" \/><\/a>\n\t\t\t<\/div>\n\t\t\t\t<figcaption class='wp-caption-text gallery-caption' id='gallery-1-146649'>\n\t\t\t\tMidnight 343\n\t\t\t\t<\/figcaption><\/figure><figure class='gallery-item'>\n\t\t\t<div class='gallery-icon portrait'>\n\t\t\t\t<a href='https:\/\/columbiafinishingmills.com\/fr\/?attachment_id=146650'><img loading=\"lazy\" decoding=\"async\" width=\"150\" height=\"150\" src=\"https:\/\/columbiafinishingmills.com\/wp-content\/uploads\/Navy-349-150x150.png\" class=\"attachment-thumbnail size-thumbnail\" alt=\"\" aria-describedby=\"gallery-1-146650\" srcset=\"https:\/\/columbiafinishingmills.com\/wp-content\/uploads\/Navy-349-150x150.png 150w, https:\/\/columbiafinishingmills.com\/wp-content\/uploads\/Navy-349-32x32.png 32w, https:\/\/columbiafinishingmills.com\/wp-content\/uploads\/Navy-349-320x320.png 320w, https:\/\/columbiafinishingmills.com\/wp-content\/uploads\/Navy-349-100x100.png 100w\" sizes=\"auto, (max-width: 150px) 100vw, 150px\" \/><\/a>\n\t\t\t<\/div>\n\t\t\t\t<figcaption class='wp-caption-text gallery-caption' id='gallery-1-146650'>\n\t\t\t\tNavy 349\n\t\t\t\t<\/figcaption><\/figure><figure class='gallery-item'>\n\t\t\t<div class='gallery-icon portrait'>\n\t\t\t\t<a href='https:\/\/columbiafinishingmills.com\/fr\/?attachment_id=146651'><img loading=\"lazy\" decoding=\"async\" width=\"150\" height=\"150\" src=\"https:\/\/columbiafinishingmills.com\/wp-content\/uploads\/Nordic-316-150x150.png\" class=\"attachment-thumbnail size-thumbnail\" alt=\"\" aria-describedby=\"gallery-1-146651\" srcset=\"https:\/\/columbiafinishingmills.com\/wp-content\/uploads\/Nordic-316-150x150.png 150w, https:\/\/columbiafinishingmills.com\/wp-content\/uploads\/Nordic-316-32x32.png 32w, https:\/\/columbiafinishingmills.com\/wp-content\/uploads\/Nordic-316-320x320.png 320w, https:\/\/columbiafinishingmills.com\/wp-content\/uploads\/Nordic-316-100x100.png 100w\" sizes=\"auto, (max-width: 150px) 100vw, 150px\" \/><\/a>\n\t\t\t<\/div>\n\t\t\t\t<figcaption class='wp-caption-text gallery-caption' id='gallery-1-146651'>\n\t\t\t\tNordic 316\n\t\t\t\t<\/figcaption><\/figure><figure class='gallery-item'>\n\t\t\t<div class='gallery-icon portrait'>\n\t\t\t\t<a href='https:\/\/columbiafinishingmills.com\/fr\/?attachment_id=146652'><img loading=\"lazy\" decoding=\"async\" width=\"150\" height=\"150\" src=\"https:\/\/columbiafinishingmills.com\/wp-content\/uploads\/Opaque-382-150x150.png\" class=\"attachment-thumbnail size-thumbnail\" alt=\"\" aria-describedby=\"gallery-1-146652\" srcset=\"https:\/\/columbiafinishingmills.com\/wp-content\/uploads\/Opaque-382-150x150.png 150w, https:\/\/columbiafinishingmills.com\/wp-content\/uploads\/Opaque-382-32x32.png 32w, https:\/\/columbiafinishingmills.com\/wp-content\/uploads\/Opaque-382-320x320.png 320w, https:\/\/columbiafinishingmills.com\/wp-content\/uploads\/Opaque-382-100x100.png 100w\" sizes=\"auto, (max-width: 150px) 100vw, 150px\" \/><\/a>\n\t\t\t<\/div>\n\t\t\t\t<figcaption class='wp-caption-text gallery-caption' id='gallery-1-146652'>\n\t\t\t\tOpaque 382\n\t\t\t\t<\/figcaption><\/figure><figure class='gallery-item'>\n\t\t\t<div class='gallery-icon portrait'>\n\t\t\t\t<a href='https:\/\/columbiafinishingmills.com\/fr\/?attachment_id=146653'><img loading=\"lazy\" decoding=\"async\" width=\"150\" height=\"150\" src=\"https:\/\/columbiafinishingmills.com\/wp-content\/uploads\/Pearl-393-150x150.png\" class=\"attachment-thumbnail size-thumbnail\" alt=\"\" aria-describedby=\"gallery-1-146653\" srcset=\"https:\/\/columbiafinishingmills.com\/wp-content\/uploads\/Pearl-393-150x150.png 150w, https:\/\/columbiafinishingmills.com\/wp-content\/uploads\/Pearl-393-32x32.png 32w, https:\/\/columbiafinishingmills.com\/wp-content\/uploads\/Pearl-393-320x320.png 320w, https:\/\/columbiafinishingmills.com\/wp-content\/uploads\/Pearl-393-100x100.png 100w\" sizes=\"auto, (max-width: 150px) 100vw, 150px\" \/><\/a>\n\t\t\t<\/div>\n\t\t\t\t<figcaption class='wp-caption-text gallery-caption' id='gallery-1-146653'>\n\t\t\t\tPearl 393\n\t\t\t\t<\/figcaption><\/figure><figure class='gallery-item'>\n\t\t\t<div class='gallery-icon portrait'>\n\t\t\t\t<a href='https:\/\/columbiafinishingmills.com\/fr\/?attachment_id=146654'><img loading=\"lazy\" decoding=\"async\" width=\"150\" height=\"150\" src=\"https:\/\/columbiafinishingmills.com\/wp-content\/uploads\/Red-303-150x150.png\" class=\"attachment-thumbnail size-thumbnail\" alt=\"\" aria-describedby=\"gallery-1-146654\" srcset=\"https:\/\/columbiafinishingmills.com\/wp-content\/uploads\/Red-303-150x150.png 150w, https:\/\/columbiafinishingmills.com\/wp-content\/uploads\/Red-303-32x32.png 32w, https:\/\/columbiafinishingmills.com\/wp-content\/uploads\/Red-303-320x320.png 320w, https:\/\/columbiafinishingmills.com\/wp-content\/uploads\/Red-303-100x100.png 100w\" sizes=\"auto, (max-width: 150px) 100vw, 150px\" \/><\/a>\n\t\t\t<\/div>\n\t\t\t\t<figcaption class='wp-caption-text gallery-caption' id='gallery-1-146654'>\n\t\t\t\tRed 303\n\t\t\t\t<\/figcaption><\/figure><figure class='gallery-item'>\n\t\t\t<div class='gallery-icon portrait'>\n\t\t\t\t<a href='https:\/\/columbiafinishingmills.com\/fr\/?attachment_id=146655'><img loading=\"lazy\" decoding=\"async\" width=\"150\" height=\"150\" src=\"https:\/\/columbiafinishingmills.com\/wp-content\/uploads\/Sapphire-319-150x150.png\" class=\"attachment-thumbnail size-thumbnail\" alt=\"\" aria-describedby=\"gallery-1-146655\" srcset=\"https:\/\/columbiafinishingmills.com\/wp-content\/uploads\/Sapphire-319-150x150.png 150w, https:\/\/columbiafinishingmills.com\/wp-content\/uploads\/Sapphire-319-32x32.png 32w, https:\/\/columbiafinishingmills.com\/wp-content\/uploads\/Sapphire-319-320x320.png 320w, https:\/\/columbiafinishingmills.com\/wp-content\/uploads\/Sapphire-319-100x100.png 100w\" sizes=\"auto, (max-width: 150px) 100vw, 150px\" \/><\/a>\n\t\t\t<\/div>\n\t\t\t\t<figcaption class='wp-caption-text gallery-caption' id='gallery-1-146655'>\n\t\t\t\tSapphire 319\n\t\t\t\t<\/figcaption><\/figure>\n\t\t<\/div>","protected":false},"excerpt":{"rendered":"<p>Papier kraft teint\u00e9 couch\u00e9, Rainbow\u00ae 3 est aujourd'hui le premier choix en mati\u00e8re de couvertures de livres et d'applications de publication. Rainbow\u00ae 3 est notre Endleaf avec attitude! Con\u00e7u pour des performances sup\u00e9rieures et pesant 80 kraft, il offre une r\u00e9sistance suppl\u00e9mentaire aux empreintes digitales, \u00e0 l'humidit\u00e9 et \u00e0 la d\u00e9coloration \u00e0 vos projets. Les capacit\u00e9s de conception incluent le gaufrage, l'estampage \u00e0 l'aveugle, l'estampage \u00e0 la feuille et la s\u00e9rigraphie pour ajouter des \u00e9l\u00e9ments de conception de caract\u00e9ristiques. Choisissez Rainbow\u00ae 3 pour vos livres \u00e0 couverture rigide, revues, emballages de bo\u00eetes, emballages de vente au d\u00e9tail, bo\u00eetes \u00e0 bijoux, etc.<\/p>","protected":false},"featured_media":83687,"template":"","meta":[],"product_brand":[],"product_cat":[2108,15],"product_tag":[2322,471,952,953],"class_list":{"0":"post-81172","1":"product","2":"type-product","3":"status-publish","4":"has-post-thumbnail","6":"product_cat-paper","7":"product_cat-cover-materials","8":"product_tag-bookbinding-paper","9":"product_tag-cover-material","10":"product_tag-high-performance","11":"product_tag-resistant","12":"pa_application-albums","13":"pa_application-bookbinding","14":"pa_application-decorative-packaging","15":"pa_application-printing","16":"pa_decorating-method-blind-stamping","17":"pa_decorating-method-foil-stamping","18":"pa_decorating-method-screen-printing","19":"pa_material-base-paper","20":"pa_material-composition-kraft","21":"thunk-woo-product-list","22":"opn-qv-enable","23":"top-store-woo-hover-","24":"top-store-single-product-tab-horizontal","25":"top-store-shadow-","26":"top-store-shadow-hover-","28":"first","29":"instock","30":"shipping-taxable","31":"product-type-simple"},"jetpack_sharing_enabled":true,"_links":{"self":[{"href":"https:\/\/columbiafinishingmills.com\/fr\/wp-json\/wp\/v2\/product\/81172","targetHints":{"allow":["GET"]}}],"collection":[{"href":"https:\/\/columbiafinishingmills.com\/fr\/wp-json\/wp\/v2\/product"}],"about":[{"href":"https:\/\/columbiafinishingmills.com\/fr\/wp-json\/wp\/v2\/types\/product"}],"wp:featuredmedia":[{"embeddable":true,"href":"https:\/\/columbiafinishingmills.com\/fr\/wp-json\/wp\/v2\/media\/83687"}],"wp:attachment":[{"href":"https:\/\/columbiafinishingmills.com\/fr\/wp-json\/wp\/v2\/media?parent=81172"}],"wp:term":[{"taxonomy":"product_brand","embeddable":true,"href":"https:\/\/columbiafinishingmills.com\/fr\/wp-json\/wp\/v2\/product_brand?post=81172"},{"taxonomy":"product_cat","embeddable":true,"href":"https:\/\/columbiafinishingmills.com\/fr\/wp-json\/wp\/v2\/product_cat?post=81172"},{"taxonomy":"product_tag","embeddable":true,"href":"https:\/\/columbiafinishingmills.com\/fr\/wp-json\/wp\/v2\/product_tag?post=81172"}],"curies":[{"name":"wp","href":"https:\/\/api.w.org\/{rel}","templated":true}]}}