{"id":81171,"date":"2019-03-12T19:04:25","date_gmt":"2019-03-12T19:04:25","guid":{"rendered":"http:\/\/columbiafinishingmills.com\/product\/radiance\/"},"modified":"2024-05-21T15:18:07","modified_gmt":"2024-05-21T19:18:07","slug":"radiance","status":"publish","type":"product","link":"https:\/\/columbiafinishingmills.com\/fr\/produit\/cover-materials\/paper\/radiance\/","title":{"rendered":"Radiance\u00ae"},"content":{"rendered":"<div id='gallery-1' class='gallery galleryid-81171 gallery-columns-6 gallery-size-thumbnail'><figure class='gallery-item'>\n\t\t\t<div class='gallery-icon portrait'>\n\t\t\t\t<a href='https:\/\/columbiafinishingmills.com\/fr\/?attachment_id=146624'><img loading=\"lazy\" decoding=\"async\" width=\"150\" height=\"150\" src=\"https:\/\/columbiafinishingmills.com\/wp-content\/uploads\/Charm-9321-Gloss-150x150.png\" class=\"attachment-thumbnail size-thumbnail\" alt=\"\" aria-describedby=\"gallery-1-146624\" srcset=\"https:\/\/columbiafinishingmills.com\/wp-content\/uploads\/Charm-9321-Gloss-150x150.png 150w, https:\/\/columbiafinishingmills.com\/wp-content\/uploads\/Charm-9321-Gloss-32x32.png 32w, https:\/\/columbiafinishingmills.com\/wp-content\/uploads\/Charm-9321-Gloss-320x320.png 320w, https:\/\/columbiafinishingmills.com\/wp-content\/uploads\/Charm-9321-Gloss-100x100.png 100w\" sizes=\"auto, (max-width: 150px) 100vw, 150px\" \/><\/a>\n\t\t\t<\/div>\n\t\t\t\t<figcaption class='wp-caption-text gallery-caption' id='gallery-1-146624'>\n\t\t\t\tCharm 9321 Gloss\n\t\t\t\t<\/figcaption><\/figure><figure class='gallery-item'>\n\t\t\t<div class='gallery-icon portrait'>\n\t\t\t\t<a href='https:\/\/columbiafinishingmills.com\/fr\/?attachment_id=146625'><img loading=\"lazy\" decoding=\"async\" width=\"150\" height=\"150\" src=\"https:\/\/columbiafinishingmills.com\/wp-content\/uploads\/Charm-9431-Plush-150x150.png\" class=\"attachment-thumbnail size-thumbnail\" alt=\"\" aria-describedby=\"gallery-1-146625\" srcset=\"https:\/\/columbiafinishingmills.com\/wp-content\/uploads\/Charm-9431-Plush-150x150.png 150w, https:\/\/columbiafinishingmills.com\/wp-content\/uploads\/Charm-9431-Plush-32x32.png 32w, https:\/\/columbiafinishingmills.com\/wp-content\/uploads\/Charm-9431-Plush-320x320.png 320w, https:\/\/columbiafinishingmills.com\/wp-content\/uploads\/Charm-9431-Plush-100x100.png 100w\" sizes=\"auto, (max-width: 150px) 100vw, 150px\" \/><\/a>\n\t\t\t<\/div>\n\t\t\t\t<figcaption class='wp-caption-text gallery-caption' id='gallery-1-146625'>\n\t\t\t\tCharm 9431 Plush\n\t\t\t\t<\/figcaption><\/figure><figure class='gallery-item'>\n\t\t\t<div class='gallery-icon portrait'>\n\t\t\t\t<a href='https:\/\/columbiafinishingmills.com\/fr\/?attachment_id=146626'><img loading=\"lazy\" decoding=\"async\" width=\"150\" height=\"150\" src=\"https:\/\/columbiafinishingmills.com\/wp-content\/uploads\/Courage-9304-Gloss-150x150.png\" class=\"attachment-thumbnail size-thumbnail\" alt=\"\" aria-describedby=\"gallery-1-146626\" srcset=\"https:\/\/columbiafinishingmills.com\/wp-content\/uploads\/Courage-9304-Gloss-150x150.png 150w, https:\/\/columbiafinishingmills.com\/wp-content\/uploads\/Courage-9304-Gloss-32x32.png 32w, https:\/\/columbiafinishingmills.com\/wp-content\/uploads\/Courage-9304-Gloss-320x320.png 320w, https:\/\/columbiafinishingmills.com\/wp-content\/uploads\/Courage-9304-Gloss-100x100.png 100w\" sizes=\"auto, (max-width: 150px) 100vw, 150px\" \/><\/a>\n\t\t\t<\/div>\n\t\t\t\t<figcaption class='wp-caption-text gallery-caption' id='gallery-1-146626'>\n\t\t\t\tCourage 9304 Gloss\n\t\t\t\t<\/figcaption><\/figure><figure class='gallery-item'>\n\t\t\t<div class='gallery-icon portrait'>\n\t\t\t\t<a href='https:\/\/columbiafinishingmills.com\/fr\/?attachment_id=146627'><img loading=\"lazy\" decoding=\"async\" width=\"150\" height=\"150\" src=\"https:\/\/columbiafinishingmills.com\/wp-content\/uploads\/Courage-9414-Plush-150x150.png\" class=\"attachment-thumbnail size-thumbnail\" alt=\"\" aria-describedby=\"gallery-1-146627\" srcset=\"https:\/\/columbiafinishingmills.com\/wp-content\/uploads\/Courage-9414-Plush-150x150.png 150w, https:\/\/columbiafinishingmills.com\/wp-content\/uploads\/Courage-9414-Plush-32x32.png 32w, https:\/\/columbiafinishingmills.com\/wp-content\/uploads\/Courage-9414-Plush-320x320.png 320w, https:\/\/columbiafinishingmills.com\/wp-content\/uploads\/Courage-9414-Plush-100x100.png 100w\" sizes=\"auto, (max-width: 150px) 100vw, 150px\" \/><\/a>\n\t\t\t<\/div>\n\t\t\t\t<figcaption class='wp-caption-text gallery-caption' id='gallery-1-146627'>\n\t\t\t\tCourage 9414 Plush\n\t\t\t\t<\/figcaption><\/figure><figure class='gallery-item'>\n\t\t\t<div class='gallery-icon portrait'>\n\t\t\t\t<a href='https:\/\/columbiafinishingmills.com\/fr\/?attachment_id=146628'><img loading=\"lazy\" decoding=\"async\" width=\"150\" height=\"150\" src=\"https:\/\/columbiafinishingmills.com\/wp-content\/uploads\/Desire-9307-Gloss-150x150.png\" class=\"attachment-thumbnail size-thumbnail\" alt=\"\" aria-describedby=\"gallery-1-146628\" srcset=\"https:\/\/columbiafinishingmills.com\/wp-content\/uploads\/Desire-9307-Gloss-150x150.png 150w, https:\/\/columbiafinishingmills.com\/wp-content\/uploads\/Desire-9307-Gloss-32x32.png 32w, https:\/\/columbiafinishingmills.com\/wp-content\/uploads\/Desire-9307-Gloss-320x320.png 320w, https:\/\/columbiafinishingmills.com\/wp-content\/uploads\/Desire-9307-Gloss-100x100.png 100w\" sizes=\"auto, (max-width: 150px) 100vw, 150px\" \/><\/a>\n\t\t\t<\/div>\n\t\t\t\t<figcaption class='wp-caption-text gallery-caption' id='gallery-1-146628'>\n\t\t\t\tDesire 9307 Gloss\n\t\t\t\t<\/figcaption><\/figure><figure class='gallery-item'>\n\t\t\t<div class='gallery-icon portrait'>\n\t\t\t\t<a href='https:\/\/columbiafinishingmills.com\/fr\/?attachment_id=146629'><img loading=\"lazy\" decoding=\"async\" width=\"150\" height=\"150\" src=\"https:\/\/columbiafinishingmills.com\/wp-content\/uploads\/Desire-9417-Plush-150x150.png\" class=\"attachment-thumbnail size-thumbnail\" alt=\"\" aria-describedby=\"gallery-1-146629\" srcset=\"https:\/\/columbiafinishingmills.com\/wp-content\/uploads\/Desire-9417-Plush-150x150.png 150w, https:\/\/columbiafinishingmills.com\/wp-content\/uploads\/Desire-9417-Plush-32x32.png 32w, https:\/\/columbiafinishingmills.com\/wp-content\/uploads\/Desire-9417-Plush-320x320.png 320w, https:\/\/columbiafinishingmills.com\/wp-content\/uploads\/Desire-9417-Plush-100x100.png 100w\" sizes=\"auto, (max-width: 150px) 100vw, 150px\" \/><\/a>\n\t\t\t<\/div>\n\t\t\t\t<figcaption class='wp-caption-text gallery-caption' id='gallery-1-146629'>\n\t\t\t\tDesire 9417 Plush\n\t\t\t\t<\/figcaption><\/figure><figure class='gallery-item'>\n\t\t\t<div class='gallery-icon portrait'>\n\t\t\t\t<a href='https:\/\/columbiafinishingmills.com\/fr\/?attachment_id=146630'><img loading=\"lazy\" decoding=\"async\" width=\"150\" height=\"150\" src=\"https:\/\/columbiafinishingmills.com\/wp-content\/uploads\/Elegance-9309-Gloss-150x150.png\" class=\"attachment-thumbnail size-thumbnail\" alt=\"\" aria-describedby=\"gallery-1-146630\" srcset=\"https:\/\/columbiafinishingmills.com\/wp-content\/uploads\/Elegance-9309-Gloss-150x150.png 150w, https:\/\/columbiafinishingmills.com\/wp-content\/uploads\/Elegance-9309-Gloss-32x32.png 32w, https:\/\/columbiafinishingmills.com\/wp-content\/uploads\/Elegance-9309-Gloss-320x320.png 320w, https:\/\/columbiafinishingmills.com\/wp-content\/uploads\/Elegance-9309-Gloss-100x100.png 100w\" sizes=\"auto, (max-width: 150px) 100vw, 150px\" \/><\/a>\n\t\t\t<\/div>\n\t\t\t\t<figcaption class='wp-caption-text gallery-caption' id='gallery-1-146630'>\n\t\t\t\tElegance 9309 Gloss\n\t\t\t\t<\/figcaption><\/figure><figure class='gallery-item'>\n\t\t\t<div class='gallery-icon portrait'>\n\t\t\t\t<a href='https:\/\/columbiafinishingmills.com\/fr\/?attachment_id=146631'><img loading=\"lazy\" decoding=\"async\" width=\"150\" height=\"150\" src=\"https:\/\/columbiafinishingmills.com\/wp-content\/uploads\/Elegance-9419-Plush-150x150.png\" class=\"attachment-thumbnail size-thumbnail\" alt=\"\" aria-describedby=\"gallery-1-146631\" srcset=\"https:\/\/columbiafinishingmills.com\/wp-content\/uploads\/Elegance-9419-Plush-150x150.png 150w, https:\/\/columbiafinishingmills.com\/wp-content\/uploads\/Elegance-9419-Plush-32x32.png 32w, https:\/\/columbiafinishingmills.com\/wp-content\/uploads\/Elegance-9419-Plush-320x320.png 320w, https:\/\/columbiafinishingmills.com\/wp-content\/uploads\/Elegance-9419-Plush-100x100.png 100w\" sizes=\"auto, (max-width: 150px) 100vw, 150px\" \/><\/a>\n\t\t\t<\/div>\n\t\t\t\t<figcaption class='wp-caption-text gallery-caption' id='gallery-1-146631'>\n\t\t\t\tElegance 9419 Plush\n\t\t\t\t<\/figcaption><\/figure><figure class='gallery-item'>\n\t\t\t<div class='gallery-icon portrait'>\n\t\t\t\t<a href='https:\/\/columbiafinishingmills.com\/fr\/?attachment_id=146632'><img loading=\"lazy\" decoding=\"async\" width=\"150\" height=\"150\" src=\"https:\/\/columbiafinishingmills.com\/wp-content\/uploads\/Envy-9303-Gloss-150x150.png\" class=\"attachment-thumbnail size-thumbnail\" alt=\"\" aria-describedby=\"gallery-1-146632\" srcset=\"https:\/\/columbiafinishingmills.com\/wp-content\/uploads\/Envy-9303-Gloss-150x150.png 150w, https:\/\/columbiafinishingmills.com\/wp-content\/uploads\/Envy-9303-Gloss-32x32.png 32w, https:\/\/columbiafinishingmills.com\/wp-content\/uploads\/Envy-9303-Gloss-320x320.png 320w, https:\/\/columbiafinishingmills.com\/wp-content\/uploads\/Envy-9303-Gloss-100x100.png 100w\" sizes=\"auto, (max-width: 150px) 100vw, 150px\" \/><\/a>\n\t\t\t<\/div>\n\t\t\t\t<figcaption class='wp-caption-text gallery-caption' id='gallery-1-146632'>\n\t\t\t\tEnvy 9303 Gloss\n\t\t\t\t<\/figcaption><\/figure><figure class='gallery-item'>\n\t\t\t<div class='gallery-icon portrait'>\n\t\t\t\t<a href='https:\/\/columbiafinishingmills.com\/fr\/?attachment_id=146633'><img loading=\"lazy\" decoding=\"async\" width=\"150\" height=\"150\" src=\"https:\/\/columbiafinishingmills.com\/wp-content\/uploads\/Envy-9413-Plush-150x150.png\" class=\"attachment-thumbnail size-thumbnail\" alt=\"\" aria-describedby=\"gallery-1-146633\" srcset=\"https:\/\/columbiafinishingmills.com\/wp-content\/uploads\/Envy-9413-Plush-150x150.png 150w, https:\/\/columbiafinishingmills.com\/wp-content\/uploads\/Envy-9413-Plush-32x32.png 32w, https:\/\/columbiafinishingmills.com\/wp-content\/uploads\/Envy-9413-Plush-320x320.png 320w, https:\/\/columbiafinishingmills.com\/wp-content\/uploads\/Envy-9413-Plush-100x100.png 100w\" sizes=\"auto, (max-width: 150px) 100vw, 150px\" \/><\/a>\n\t\t\t<\/div>\n\t\t\t\t<figcaption class='wp-caption-text gallery-caption' id='gallery-1-146633'>\n\t\t\t\tEnvy 9413 Plush\n\t\t\t\t<\/figcaption><\/figure><figure class='gallery-item'>\n\t\t\t<div class='gallery-icon portrait'>\n\t\t\t\t<a href='https:\/\/columbiafinishingmills.com\/fr\/?attachment_id=146635'><img loading=\"lazy\" decoding=\"async\" width=\"150\" height=\"150\" src=\"https:\/\/columbiafinishingmills.com\/wp-content\/uploads\/Harmony-9308-Gloss-150x150.png\" class=\"attachment-thumbnail size-thumbnail\" alt=\"\" aria-describedby=\"gallery-1-146635\" srcset=\"https:\/\/columbiafinishingmills.com\/wp-content\/uploads\/Harmony-9308-Gloss-150x150.png 150w, https:\/\/columbiafinishingmills.com\/wp-content\/uploads\/Harmony-9308-Gloss-32x32.png 32w, https:\/\/columbiafinishingmills.com\/wp-content\/uploads\/Harmony-9308-Gloss-320x320.png 320w, https:\/\/columbiafinishingmills.com\/wp-content\/uploads\/Harmony-9308-Gloss-100x100.png 100w\" sizes=\"auto, (max-width: 150px) 100vw, 150px\" \/><\/a>\n\t\t\t<\/div>\n\t\t\t\t<figcaption class='wp-caption-text gallery-caption' id='gallery-1-146635'>\n\t\t\t\tHarmony 9308 Gloss\n\t\t\t\t<\/figcaption><\/figure><figure class='gallery-item'>\n\t\t\t<div class='gallery-icon portrait'>\n\t\t\t\t<a href='https:\/\/columbiafinishingmills.com\/fr\/?attachment_id=146634'><img loading=\"lazy\" decoding=\"async\" width=\"150\" height=\"150\" src=\"https:\/\/columbiafinishingmills.com\/wp-content\/uploads\/Harmoney-9418-Plush-150x150.png\" class=\"attachment-thumbnail size-thumbnail\" alt=\"\" aria-describedby=\"gallery-1-146634\" srcset=\"https:\/\/columbiafinishingmills.com\/wp-content\/uploads\/Harmoney-9418-Plush-150x150.png 150w, https:\/\/columbiafinishingmills.com\/wp-content\/uploads\/Harmoney-9418-Plush-32x32.png 32w, https:\/\/columbiafinishingmills.com\/wp-content\/uploads\/Harmoney-9418-Plush-320x320.png 320w, https:\/\/columbiafinishingmills.com\/wp-content\/uploads\/Harmoney-9418-Plush-100x100.png 100w\" sizes=\"auto, (max-width: 150px) 100vw, 150px\" \/><\/a>\n\t\t\t<\/div>\n\t\t\t\t<figcaption class='wp-caption-text gallery-caption' id='gallery-1-146634'>\n\t\t\t\tHarmony 9418 Plush\n\t\t\t\t<\/figcaption><\/figure><figure class='gallery-item'>\n\t\t\t<div class='gallery-icon portrait'>\n\t\t\t\t<a href='https:\/\/columbiafinishingmills.com\/fr\/?attachment_id=146636'><img loading=\"lazy\" decoding=\"async\" width=\"150\" height=\"150\" src=\"https:\/\/columbiafinishingmills.com\/wp-content\/uploads\/Honor-9301-Gloss-150x150.png\" class=\"attachment-thumbnail size-thumbnail\" alt=\"\" aria-describedby=\"gallery-1-146636\" srcset=\"https:\/\/columbiafinishingmills.com\/wp-content\/uploads\/Honor-9301-Gloss-150x150.png 150w, https:\/\/columbiafinishingmills.com\/wp-content\/uploads\/Honor-9301-Gloss-32x32.png 32w, https:\/\/columbiafinishingmills.com\/wp-content\/uploads\/Honor-9301-Gloss-320x320.png 320w, https:\/\/columbiafinishingmills.com\/wp-content\/uploads\/Honor-9301-Gloss-100x100.png 100w\" sizes=\"auto, (max-width: 150px) 100vw, 150px\" \/><\/a>\n\t\t\t<\/div>\n\t\t\t\t<figcaption class='wp-caption-text gallery-caption' id='gallery-1-146636'>\n\t\t\t\tHonor 9301 Gloss\n\t\t\t\t<\/figcaption><\/figure><figure class='gallery-item'>\n\t\t\t<div class='gallery-icon portrait'>\n\t\t\t\t<a href='https:\/\/columbiafinishingmills.com\/fr\/?attachment_id=146637'><img loading=\"lazy\" decoding=\"async\" width=\"150\" height=\"150\" src=\"https:\/\/columbiafinishingmills.com\/wp-content\/uploads\/Honor-9411-Plush-150x150.png\" class=\"attachment-thumbnail size-thumbnail\" alt=\"\" aria-describedby=\"gallery-1-146637\" srcset=\"https:\/\/columbiafinishingmills.com\/wp-content\/uploads\/Honor-9411-Plush-150x150.png 150w, https:\/\/columbiafinishingmills.com\/wp-content\/uploads\/Honor-9411-Plush-32x32.png 32w, https:\/\/columbiafinishingmills.com\/wp-content\/uploads\/Honor-9411-Plush-320x320.png 320w, https:\/\/columbiafinishingmills.com\/wp-content\/uploads\/Honor-9411-Plush-100x100.png 100w\" sizes=\"auto, (max-width: 150px) 100vw, 150px\" \/><\/a>\n\t\t\t<\/div>\n\t\t\t\t<figcaption class='wp-caption-text gallery-caption' id='gallery-1-146637'>\n\t\t\t\tHonor 9411 Plush\n\t\t\t\t<\/figcaption><\/figure><figure class='gallery-item'>\n\t\t\t<div class='gallery-icon portrait'>\n\t\t\t\t<a href='https:\/\/columbiafinishingmills.com\/fr\/?attachment_id=146638'><img loading=\"lazy\" decoding=\"async\" width=\"150\" height=\"150\" src=\"https:\/\/columbiafinishingmills.com\/wp-content\/uploads\/Peace-9320-Gloss-150x150.png\" class=\"attachment-thumbnail size-thumbnail\" alt=\"\" aria-describedby=\"gallery-1-146638\" srcset=\"https:\/\/columbiafinishingmills.com\/wp-content\/uploads\/Peace-9320-Gloss-150x150.png 150w, https:\/\/columbiafinishingmills.com\/wp-content\/uploads\/Peace-9320-Gloss-32x32.png 32w, https:\/\/columbiafinishingmills.com\/wp-content\/uploads\/Peace-9320-Gloss-320x320.png 320w, https:\/\/columbiafinishingmills.com\/wp-content\/uploads\/Peace-9320-Gloss-100x100.png 100w\" sizes=\"auto, (max-width: 150px) 100vw, 150px\" \/><\/a>\n\t\t\t<\/div>\n\t\t\t\t<figcaption class='wp-caption-text gallery-caption' id='gallery-1-146638'>\n\t\t\t\tPeace 9320 Gloss\n\t\t\t\t<\/figcaption><\/figure><figure class='gallery-item'>\n\t\t\t<div class='gallery-icon portrait'>\n\t\t\t\t<a href='https:\/\/columbiafinishingmills.com\/fr\/?attachment_id=146639'><img loading=\"lazy\" decoding=\"async\" width=\"150\" height=\"150\" src=\"https:\/\/columbiafinishingmills.com\/wp-content\/uploads\/Peace-9430-Plush-150x150.png\" class=\"attachment-thumbnail size-thumbnail\" alt=\"\" aria-describedby=\"gallery-1-146639\" srcset=\"https:\/\/columbiafinishingmills.com\/wp-content\/uploads\/Peace-9430-Plush-150x150.png 150w, https:\/\/columbiafinishingmills.com\/wp-content\/uploads\/Peace-9430-Plush-32x32.png 32w, https:\/\/columbiafinishingmills.com\/wp-content\/uploads\/Peace-9430-Plush-320x320.png 320w, https:\/\/columbiafinishingmills.com\/wp-content\/uploads\/Peace-9430-Plush-100x100.png 100w\" sizes=\"auto, (max-width: 150px) 100vw, 150px\" \/><\/a>\n\t\t\t<\/div>\n\t\t\t\t<figcaption class='wp-caption-text gallery-caption' id='gallery-1-146639'>\n\t\t\t\tPeace 9430 Plush\n\t\t\t\t<\/figcaption><\/figure><figure class='gallery-item'>\n\t\t\t<div class='gallery-icon portrait'>\n\t\t\t\t<a href='https:\/\/columbiafinishingmills.com\/fr\/?attachment_id=146640'><img loading=\"lazy\" decoding=\"async\" width=\"150\" height=\"150\" src=\"https:\/\/columbiafinishingmills.com\/wp-content\/uploads\/Virtue-9306-Gloss-150x150.png\" class=\"attachment-thumbnail size-thumbnail\" alt=\"\" aria-describedby=\"gallery-1-146640\" srcset=\"https:\/\/columbiafinishingmills.com\/wp-content\/uploads\/Virtue-9306-Gloss-150x150.png 150w, https:\/\/columbiafinishingmills.com\/wp-content\/uploads\/Virtue-9306-Gloss-32x32.png 32w, https:\/\/columbiafinishingmills.com\/wp-content\/uploads\/Virtue-9306-Gloss-320x320.png 320w, https:\/\/columbiafinishingmills.com\/wp-content\/uploads\/Virtue-9306-Gloss-100x100.png 100w\" sizes=\"auto, (max-width: 150px) 100vw, 150px\" \/><\/a>\n\t\t\t<\/div>\n\t\t\t\t<figcaption class='wp-caption-text gallery-caption' id='gallery-1-146640'>\n\t\t\t\tVirtue 9306 Gloss\n\t\t\t\t<\/figcaption><\/figure><figure class='gallery-item'>\n\t\t\t<div class='gallery-icon portrait'>\n\t\t\t\t<a href='https:\/\/columbiafinishingmills.com\/fr\/?attachment_id=146642'><img loading=\"lazy\" decoding=\"async\" width=\"150\" height=\"150\" src=\"https:\/\/columbiafinishingmills.com\/wp-content\/uploads\/Virtue-9416-Plush-150x150.png\" class=\"attachment-thumbnail size-thumbnail\" alt=\"\" aria-describedby=\"gallery-1-146642\" srcset=\"https:\/\/columbiafinishingmills.com\/wp-content\/uploads\/Virtue-9416-Plush-150x150.png 150w, https:\/\/columbiafinishingmills.com\/wp-content\/uploads\/Virtue-9416-Plush-32x32.png 32w, https:\/\/columbiafinishingmills.com\/wp-content\/uploads\/Virtue-9416-Plush-320x320.png 320w, https:\/\/columbiafinishingmills.com\/wp-content\/uploads\/Virtue-9416-Plush-100x100.png 100w\" sizes=\"auto, (max-width: 150px) 100vw, 150px\" \/><\/a>\n\t\t\t<\/div>\n\t\t\t\t<figcaption class='wp-caption-text gallery-caption' id='gallery-1-146642'>\n\t\t\t\tVirtue 9416 Plush\n\t\t\t\t<\/figcaption><\/figure>\n\t\t<\/div>","protected":false},"excerpt":{"rendered":"<p>Radiance\u00ae est une ligne avant-gardiste avec un ton de bijou brillant et scintillant qui rayonne d'une couche de finition lumineuse et de couleur changeante. Offert en 9 couleurs chics, une gamme de textures modernes et des finitions en peluche (toucher doux) et polonais (haute brillance), Radiance\u00ae scintille avec \u00e9l\u00e9gance. Les couleurs vives rayonnent \u00e0 travers un rev\u00eatement de pigments m\u00e9talliques fins, offrant un effet chatoyant \u00e9tonnant et un aspect brillamment poli aux emballages de luxe, aux coffrets \u00e0 bijoux, aux cosm\u00e9tiques, aux accessoires, aux multim\u00e9dias, aux annuaires, aux journaux, aux journaux intimes et plus encore.<\/p>","protected":false},"featured_media":83582,"template":"","meta":[],"product_brand":[],"product_cat":[2108,15],"product_tag":[2322,471,684,627],"class_list":{"0":"post-81171","1":"product","2":"type-product","3":"status-publish","4":"has-post-thumbnail","6":"product_cat-paper","7":"product_cat-cover-materials","8":"product_tag-bookbinding-paper","9":"product_tag-cover-material","10":"product_tag-shimmer","11":"product_tag-soft-touch","12":"pa_application-albums","13":"pa_application-bookbinding","14":"pa_application-decorative-packaging","15":"pa_application-hobbies-and-crafts","16":"pa_application-printing","17":"pa_application-scrapbooking","18":"pa_decorating-method-blind-stamping","19":"pa_decorating-method-foil-stamping","20":"pa_decorating-method-screen-printing","21":"pa_material-base-paper","22":"pa_material-composition-acrylic-latex-saturated-paper","23":"thunk-woo-product-list","24":"opn-qv-enable","25":"top-store-woo-hover-","26":"top-store-single-product-tab-horizontal","27":"top-store-shadow-","28":"top-store-shadow-hover-","30":"first","31":"instock","32":"shipping-taxable","33":"product-type-simple"},"jetpack_sharing_enabled":true,"_links":{"self":[{"href":"https:\/\/columbiafinishingmills.com\/fr\/wp-json\/wp\/v2\/product\/81171","targetHints":{"allow":["GET"]}}],"collection":[{"href":"https:\/\/columbiafinishingmills.com\/fr\/wp-json\/wp\/v2\/product"}],"about":[{"href":"https:\/\/columbiafinishingmills.com\/fr\/wp-json\/wp\/v2\/types\/product"}],"wp:featuredmedia":[{"embeddable":true,"href":"https:\/\/columbiafinishingmills.com\/fr\/wp-json\/wp\/v2\/media\/83582"}],"wp:attachment":[{"href":"https:\/\/columbiafinishingmills.com\/fr\/wp-json\/wp\/v2\/media?parent=81171"}],"wp:term":[{"taxonomy":"product_brand","embeddable":true,"href":"https:\/\/columbiafinishingmills.com\/fr\/wp-json\/wp\/v2\/product_brand?post=81171"},{"taxonomy":"product_cat","embeddable":true,"href":"https:\/\/columbiafinishingmills.com\/fr\/wp-json\/wp\/v2\/product_cat?post=81171"},{"taxonomy":"product_tag","embeddable":true,"href":"https:\/\/columbiafinishingmills.com\/fr\/wp-json\/wp\/v2\/product_tag?post=81171"}],"curies":[{"name":"wp","href":"https:\/\/api.w.org\/{rel}","templated":true}]}}