{"id":81167,"date":"2019-03-12T19:03:21","date_gmt":"2019-03-12T19:03:21","guid":{"rendered":"http:\/\/columbiafinishingmills.com\/product\/pellaq-iguana\/"},"modified":"2024-05-21T14:50:10","modified_gmt":"2024-05-21T18:50:10","slug":"pellaq-iguana","status":"publish","type":"product","link":"https:\/\/columbiafinishingmills.com\/fr\/produit\/cover-materials\/paper\/pellaq-iguana\/","title":{"rendered":"Pellaq Iguana"},"content":{"rendered":"<div id='gallery-1' class='gallery galleryid-81167 gallery-columns-6 gallery-size-thumbnail'><figure class='gallery-item'>\n\t\t\t<div class='gallery-icon portrait'>\n\t\t\t\t<a href='https:\/\/columbiafinishingmills.com\/fr\/?attachment_id=146562'><img loading=\"lazy\" decoding=\"async\" width=\"150\" height=\"150\" src=\"https:\/\/columbiafinishingmills.com\/wp-content\/uploads\/9401-150x150.png\" class=\"attachment-thumbnail size-thumbnail\" alt=\"\" aria-describedby=\"gallery-1-146562\" srcset=\"https:\/\/columbiafinishingmills.com\/wp-content\/uploads\/9401-150x150.png 150w, https:\/\/columbiafinishingmills.com\/wp-content\/uploads\/9401-32x32.png 32w, https:\/\/columbiafinishingmills.com\/wp-content\/uploads\/9401-320x320.png 320w, https:\/\/columbiafinishingmills.com\/wp-content\/uploads\/9401-100x100.png 100w\" sizes=\"auto, (max-width: 150px) 100vw, 150px\" \/><\/a>\n\t\t\t<\/div>\n\t\t\t\t<figcaption class='wp-caption-text gallery-caption' id='gallery-1-146562'>\n\t\t\t\t9401\n\t\t\t\t<\/figcaption><\/figure><figure class='gallery-item'>\n\t\t\t<div class='gallery-icon portrait'>\n\t\t\t\t<a href='https:\/\/columbiafinishingmills.com\/fr\/?attachment_id=146563'><img loading=\"lazy\" decoding=\"async\" width=\"150\" height=\"150\" src=\"https:\/\/columbiafinishingmills.com\/wp-content\/uploads\/9402-150x150.png\" class=\"attachment-thumbnail size-thumbnail\" alt=\"\" aria-describedby=\"gallery-1-146563\" srcset=\"https:\/\/columbiafinishingmills.com\/wp-content\/uploads\/9402-150x150.png 150w, https:\/\/columbiafinishingmills.com\/wp-content\/uploads\/9402-32x32.png 32w, https:\/\/columbiafinishingmills.com\/wp-content\/uploads\/9402-320x320.png 320w, https:\/\/columbiafinishingmills.com\/wp-content\/uploads\/9402-100x100.png 100w\" sizes=\"auto, (max-width: 150px) 100vw, 150px\" \/><\/a>\n\t\t\t<\/div>\n\t\t\t\t<figcaption class='wp-caption-text gallery-caption' id='gallery-1-146563'>\n\t\t\t\t9402\n\t\t\t\t<\/figcaption><\/figure><figure class='gallery-item'>\n\t\t\t<div class='gallery-icon portrait'>\n\t\t\t\t<a href='https:\/\/columbiafinishingmills.com\/fr\/?attachment_id=146564'><img loading=\"lazy\" decoding=\"async\" width=\"150\" height=\"150\" src=\"https:\/\/columbiafinishingmills.com\/wp-content\/uploads\/9403-150x150.png\" class=\"attachment-thumbnail size-thumbnail\" alt=\"\" aria-describedby=\"gallery-1-146564\" srcset=\"https:\/\/columbiafinishingmills.com\/wp-content\/uploads\/9403-150x150.png 150w, https:\/\/columbiafinishingmills.com\/wp-content\/uploads\/9403-32x32.png 32w, https:\/\/columbiafinishingmills.com\/wp-content\/uploads\/9403-320x320.png 320w, https:\/\/columbiafinishingmills.com\/wp-content\/uploads\/9403-100x100.png 100w\" sizes=\"auto, (max-width: 150px) 100vw, 150px\" \/><\/a>\n\t\t\t<\/div>\n\t\t\t\t<figcaption class='wp-caption-text gallery-caption' id='gallery-1-146564'>\n\t\t\t\t9403\n\t\t\t\t<\/figcaption><\/figure><figure class='gallery-item'>\n\t\t\t<div class='gallery-icon portrait'>\n\t\t\t\t<a href='https:\/\/columbiafinishingmills.com\/fr\/?attachment_id=146565'><img loading=\"lazy\" decoding=\"async\" width=\"150\" height=\"150\" src=\"https:\/\/columbiafinishingmills.com\/wp-content\/uploads\/9404-150x150.png\" class=\"attachment-thumbnail size-thumbnail\" alt=\"\" aria-describedby=\"gallery-1-146565\" srcset=\"https:\/\/columbiafinishingmills.com\/wp-content\/uploads\/9404-150x150.png 150w, https:\/\/columbiafinishingmills.com\/wp-content\/uploads\/9404-32x32.png 32w, https:\/\/columbiafinishingmills.com\/wp-content\/uploads\/9404-320x320.png 320w, https:\/\/columbiafinishingmills.com\/wp-content\/uploads\/9404-100x100.png 100w\" sizes=\"auto, (max-width: 150px) 100vw, 150px\" \/><\/a>\n\t\t\t<\/div>\n\t\t\t\t<figcaption class='wp-caption-text gallery-caption' id='gallery-1-146565'>\n\t\t\t\t9404\n\t\t\t\t<\/figcaption><\/figure><figure class='gallery-item'>\n\t\t\t<div class='gallery-icon portrait'>\n\t\t\t\t<a href='https:\/\/columbiafinishingmills.com\/fr\/?attachment_id=146566'><img loading=\"lazy\" decoding=\"async\" width=\"150\" height=\"150\" src=\"https:\/\/columbiafinishingmills.com\/wp-content\/uploads\/9405-150x150.png\" class=\"attachment-thumbnail size-thumbnail\" alt=\"\" aria-describedby=\"gallery-1-146566\" srcset=\"https:\/\/columbiafinishingmills.com\/wp-content\/uploads\/9405-150x150.png 150w, https:\/\/columbiafinishingmills.com\/wp-content\/uploads\/9405-32x32.png 32w, https:\/\/columbiafinishingmills.com\/wp-content\/uploads\/9405-320x320.png 320w, https:\/\/columbiafinishingmills.com\/wp-content\/uploads\/9405-100x100.png 100w\" sizes=\"auto, (max-width: 150px) 100vw, 150px\" \/><\/a>\n\t\t\t<\/div>\n\t\t\t\t<figcaption class='wp-caption-text gallery-caption' id='gallery-1-146566'>\n\t\t\t\t9405\n\t\t\t\t<\/figcaption><\/figure><figure class='gallery-item'>\n\t\t\t<div class='gallery-icon portrait'>\n\t\t\t\t<a href='https:\/\/columbiafinishingmills.com\/fr\/?attachment_id=146567'><img loading=\"lazy\" decoding=\"async\" width=\"150\" height=\"150\" src=\"https:\/\/columbiafinishingmills.com\/wp-content\/uploads\/9406-150x150.png\" class=\"attachment-thumbnail size-thumbnail\" alt=\"\" aria-describedby=\"gallery-1-146567\" srcset=\"https:\/\/columbiafinishingmills.com\/wp-content\/uploads\/9406-150x150.png 150w, https:\/\/columbiafinishingmills.com\/wp-content\/uploads\/9406-32x32.png 32w, https:\/\/columbiafinishingmills.com\/wp-content\/uploads\/9406-320x320.png 320w, https:\/\/columbiafinishingmills.com\/wp-content\/uploads\/9406-100x100.png 100w\" sizes=\"auto, (max-width: 150px) 100vw, 150px\" \/><\/a>\n\t\t\t<\/div>\n\t\t\t\t<figcaption class='wp-caption-text gallery-caption' id='gallery-1-146567'>\n\t\t\t\t9406\n\t\t\t\t<\/figcaption><\/figure><figure class='gallery-item'>\n\t\t\t<div class='gallery-icon portrait'>\n\t\t\t\t<a href='https:\/\/columbiafinishingmills.com\/fr\/?attachment_id=146568'><img loading=\"lazy\" decoding=\"async\" width=\"150\" height=\"150\" src=\"https:\/\/columbiafinishingmills.com\/wp-content\/uploads\/9408-150x150.png\" class=\"attachment-thumbnail size-thumbnail\" alt=\"\" aria-describedby=\"gallery-1-146568\" srcset=\"https:\/\/columbiafinishingmills.com\/wp-content\/uploads\/9408-150x150.png 150w, https:\/\/columbiafinishingmills.com\/wp-content\/uploads\/9408-32x32.png 32w, https:\/\/columbiafinishingmills.com\/wp-content\/uploads\/9408-320x320.png 320w, https:\/\/columbiafinishingmills.com\/wp-content\/uploads\/9408-100x100.png 100w\" sizes=\"auto, (max-width: 150px) 100vw, 150px\" \/><\/a>\n\t\t\t<\/div>\n\t\t\t\t<figcaption class='wp-caption-text gallery-caption' id='gallery-1-146568'>\n\t\t\t\t9408\n\t\t\t\t<\/figcaption><\/figure><figure class='gallery-item'>\n\t\t\t<div class='gallery-icon portrait'>\n\t\t\t\t<a href='https:\/\/columbiafinishingmills.com\/fr\/?attachment_id=146569'><img loading=\"lazy\" decoding=\"async\" width=\"150\" height=\"150\" src=\"https:\/\/columbiafinishingmills.com\/wp-content\/uploads\/9409-150x150.png\" class=\"attachment-thumbnail size-thumbnail\" alt=\"\" aria-describedby=\"gallery-1-146569\" srcset=\"https:\/\/columbiafinishingmills.com\/wp-content\/uploads\/9409-150x150.png 150w, https:\/\/columbiafinishingmills.com\/wp-content\/uploads\/9409-32x32.png 32w, https:\/\/columbiafinishingmills.com\/wp-content\/uploads\/9409-320x320.png 320w, https:\/\/columbiafinishingmills.com\/wp-content\/uploads\/9409-100x100.png 100w\" sizes=\"auto, (max-width: 150px) 100vw, 150px\" \/><\/a>\n\t\t\t<\/div>\n\t\t\t\t<figcaption class='wp-caption-text gallery-caption' id='gallery-1-146569'>\n\t\t\t\t9409\n\t\t\t\t<\/figcaption><\/figure><figure class='gallery-item'>\n\t\t\t<div class='gallery-icon portrait'>\n\t\t\t\t<a href='https:\/\/columbiafinishingmills.com\/fr\/?attachment_id=146570'><img loading=\"lazy\" decoding=\"async\" width=\"150\" height=\"150\" src=\"https:\/\/columbiafinishingmills.com\/wp-content\/uploads\/9410-150x150.png\" class=\"attachment-thumbnail size-thumbnail\" alt=\"\" aria-describedby=\"gallery-1-146570\" srcset=\"https:\/\/columbiafinishingmills.com\/wp-content\/uploads\/9410-150x150.png 150w, https:\/\/columbiafinishingmills.com\/wp-content\/uploads\/9410-32x32.png 32w, https:\/\/columbiafinishingmills.com\/wp-content\/uploads\/9410-320x320.png 320w, https:\/\/columbiafinishingmills.com\/wp-content\/uploads\/9410-100x100.png 100w\" sizes=\"auto, (max-width: 150px) 100vw, 150px\" \/><\/a>\n\t\t\t<\/div>\n\t\t\t\t<figcaption class='wp-caption-text gallery-caption' id='gallery-1-146570'>\n\t\t\t\t9410\n\t\t\t\t<\/figcaption><\/figure><figure class='gallery-item'>\n\t\t\t<div class='gallery-icon portrait'>\n\t\t\t\t<a href='https:\/\/columbiafinishingmills.com\/fr\/?attachment_id=146571'><img loading=\"lazy\" decoding=\"async\" width=\"150\" height=\"150\" src=\"https:\/\/columbiafinishingmills.com\/wp-content\/uploads\/9411-150x150.png\" class=\"attachment-thumbnail size-thumbnail\" alt=\"\" aria-describedby=\"gallery-1-146571\" srcset=\"https:\/\/columbiafinishingmills.com\/wp-content\/uploads\/9411-150x150.png 150w, https:\/\/columbiafinishingmills.com\/wp-content\/uploads\/9411-32x32.png 32w, https:\/\/columbiafinishingmills.com\/wp-content\/uploads\/9411-320x320.png 320w, https:\/\/columbiafinishingmills.com\/wp-content\/uploads\/9411-100x100.png 100w\" sizes=\"auto, (max-width: 150px) 100vw, 150px\" \/><\/a>\n\t\t\t<\/div>\n\t\t\t\t<figcaption class='wp-caption-text gallery-caption' id='gallery-1-146571'>\n\t\t\t\t9411\n\t\t\t\t<\/figcaption><\/figure><figure class='gallery-item'>\n\t\t\t<div class='gallery-icon portrait'>\n\t\t\t\t<a href='https:\/\/columbiafinishingmills.com\/fr\/?attachment_id=146572'><img loading=\"lazy\" decoding=\"async\" width=\"150\" height=\"150\" src=\"https:\/\/columbiafinishingmills.com\/wp-content\/uploads\/9412-150x150.png\" class=\"attachment-thumbnail size-thumbnail\" alt=\"\" aria-describedby=\"gallery-1-146572\" srcset=\"https:\/\/columbiafinishingmills.com\/wp-content\/uploads\/9412-150x150.png 150w, https:\/\/columbiafinishingmills.com\/wp-content\/uploads\/9412-32x32.png 32w, https:\/\/columbiafinishingmills.com\/wp-content\/uploads\/9412-320x320.png 320w, https:\/\/columbiafinishingmills.com\/wp-content\/uploads\/9412-100x100.png 100w\" sizes=\"auto, (max-width: 150px) 100vw, 150px\" \/><\/a>\n\t\t\t<\/div>\n\t\t\t\t<figcaption class='wp-caption-text gallery-caption' id='gallery-1-146572'>\n\t\t\t\t9412\n\t\t\t\t<\/figcaption><\/figure>\n\t\t<\/div>","protected":false},"excerpt":{"rendered":"<p>Pellaq Iguana is a Latex-saturated, high gloss, simulated leather cover material that comes in high-end iridescent reptile patterns.<\/p>\n<p style=\"padding-left: 40px;\">\u2022 R\u00e9sistant aux couleurs et r\u00e9sistant \u00e0 l'humidit\u00e9.<br \/>\n\u2022 Offert dans des visuels attrayants, rappelant le cuir dans des motifs de reptiles audacieux ou subtils: L\u00e9zard, Croco, Mallory, Pinseal, Glean et Iguana premium<br \/>\n\u2022 Offre une surface r\u00e9sistante aux rayures et tr\u00e8s brillante<\/p>","protected":false},"featured_media":83443,"template":"","meta":[],"product_brand":[],"product_cat":[2108,15],"product_tag":[2322,471,614,914,866,913],"class_list":{"0":"post-81167","1":"product","2":"type-product","3":"status-publish","4":"has-post-thumbnail","6":"product_cat-paper","7":"product_cat-cover-materials","8":"product_tag-bookbinding-paper","9":"product_tag-cover-material","10":"product_tag-faux-leather","11":"product_tag-pattern","12":"product_tag-reptile","13":"product_tag-simulated-leather","14":"pa_application-albums","15":"pa_application-bookbinding","16":"pa_application-decorative-packaging","17":"pa_application-hobbies-and-crafts","18":"pa_application-printing","19":"pa_application-scrapbooking","20":"pa_decorating-method-blind-stamping","21":"pa_decorating-method-foil-stamping","22":"pa_material-base-paper","23":"pa_material-composition-acrylic-latex-saturated-paper","24":"thunk-woo-product-list","25":"opn-qv-enable","26":"top-store-woo-hover-","27":"top-store-single-product-tab-horizontal","28":"top-store-shadow-","29":"top-store-shadow-hover-","31":"first","32":"instock","33":"shipping-taxable","34":"product-type-simple"},"jetpack_sharing_enabled":true,"_links":{"self":[{"href":"https:\/\/columbiafinishingmills.com\/fr\/wp-json\/wp\/v2\/product\/81167","targetHints":{"allow":["GET"]}}],"collection":[{"href":"https:\/\/columbiafinishingmills.com\/fr\/wp-json\/wp\/v2\/product"}],"about":[{"href":"https:\/\/columbiafinishingmills.com\/fr\/wp-json\/wp\/v2\/types\/product"}],"wp:featuredmedia":[{"embeddable":true,"href":"https:\/\/columbiafinishingmills.com\/fr\/wp-json\/wp\/v2\/media\/83443"}],"wp:attachment":[{"href":"https:\/\/columbiafinishingmills.com\/fr\/wp-json\/wp\/v2\/media?parent=81167"}],"wp:term":[{"taxonomy":"product_brand","embeddable":true,"href":"https:\/\/columbiafinishingmills.com\/fr\/wp-json\/wp\/v2\/product_brand?post=81167"},{"taxonomy":"product_cat","embeddable":true,"href":"https:\/\/columbiafinishingmills.com\/fr\/wp-json\/wp\/v2\/product_cat?post=81167"},{"taxonomy":"product_tag","embeddable":true,"href":"https:\/\/columbiafinishingmills.com\/fr\/wp-json\/wp\/v2\/product_tag?post=81167"}],"curies":[{"name":"wp","href":"https:\/\/api.w.org\/{rel}","templated":true}]}}