{"id":81125,"date":"2019-03-12T18:39:05","date_gmt":"2019-03-12T18:39:05","guid":{"rendered":"http:\/\/columbiafinishingmills.com\/product\/kivar-sutton\/"},"modified":"2024-05-21T11:35:50","modified_gmt":"2024-05-21T15:35:50","slug":"kivar-sutton","status":"publish","type":"product","link":"https:\/\/columbiafinishingmills.com\/fr\/produit\/cover-materials\/paper\/kivar-sutton\/","title":{"rendered":"Kivar Sutton"},"content":{"rendered":"<div id='gallery-1' class='gallery galleryid-81125 gallery-columns-6 gallery-size-thumbnail'><figure class='gallery-item'>\n\t\t\t<div class='gallery-icon portrait'>\n\t\t\t\t<a href='https:\/\/columbiafinishingmills.com\/fr\/?attachment_id=146130'><img loading=\"lazy\" decoding=\"async\" width=\"150\" height=\"150\" src=\"https:\/\/columbiafinishingmills.com\/wp-content\/uploads\/Black-1-150x150.png\" class=\"attachment-thumbnail size-thumbnail\" alt=\"\" aria-describedby=\"gallery-1-146130\" srcset=\"https:\/\/columbiafinishingmills.com\/wp-content\/uploads\/Black-1-150x150.png 150w, https:\/\/columbiafinishingmills.com\/wp-content\/uploads\/Black-1-32x32.png 32w, https:\/\/columbiafinishingmills.com\/wp-content\/uploads\/Black-1-320x320.png 320w, https:\/\/columbiafinishingmills.com\/wp-content\/uploads\/Black-1-100x100.png 100w\" sizes=\"auto, (max-width: 150px) 100vw, 150px\" \/><\/a>\n\t\t\t<\/div>\n\t\t\t\t<figcaption class='wp-caption-text gallery-caption' id='gallery-1-146130'>\n\t\t\t\tBlack\n\t\t\t\t<\/figcaption><\/figure><figure class='gallery-item'>\n\t\t\t<div class='gallery-icon portrait'>\n\t\t\t\t<a href='https:\/\/columbiafinishingmills.com\/fr\/?attachment_id=146131'><img loading=\"lazy\" decoding=\"async\" width=\"150\" height=\"150\" src=\"https:\/\/columbiafinishingmills.com\/wp-content\/uploads\/Navy-150x150.png\" class=\"attachment-thumbnail size-thumbnail\" alt=\"\" aria-describedby=\"gallery-1-146131\" srcset=\"https:\/\/columbiafinishingmills.com\/wp-content\/uploads\/Navy-150x150.png 150w, https:\/\/columbiafinishingmills.com\/wp-content\/uploads\/Navy-32x32.png 32w, https:\/\/columbiafinishingmills.com\/wp-content\/uploads\/Navy-320x320.png 320w, https:\/\/columbiafinishingmills.com\/wp-content\/uploads\/Navy-100x100.png 100w\" sizes=\"auto, (max-width: 150px) 100vw, 150px\" \/><\/a>\n\t\t\t<\/div>\n\t\t\t\t<figcaption class='wp-caption-text gallery-caption' id='gallery-1-146131'>\n\t\t\t\tNavy\n\t\t\t\t<\/figcaption><\/figure>\n\t\t<\/div>","protected":false},"excerpt":{"rendered":"<p>Kivar Sutton simule des motifs de tissu dans un mat\u00e9riau de rev\u00eatement l\u00e9ger satur\u00e9 de latex.<\/p>\n<p>Les couleurs standard sont le lin bleu marine et le lin noir.<\/p>","protected":false},"featured_media":84361,"template":"","meta":[],"product_brand":[],"product_cat":[2108,15],"product_tag":[2322,471,528,661],"class_list":{"0":"post-81125","1":"product","2":"type-product","3":"status-publish","4":"has-post-thumbnail","6":"product_cat-paper","7":"product_cat-cover-materials","8":"product_tag-bookbinding-paper","9":"product_tag-cover-material","10":"product_tag-linen","11":"product_tag-paper","12":"pa_application-albums","13":"pa_application-bookbinding","14":"pa_application-decorative-packaging","15":"pa_application-hobbies-and-crafts","16":"pa_application-scrapbooking","17":"pa_decorating-method-blind-stamping","18":"pa_decorating-method-foil-stamping","19":"pa_decorating-method-screen-printing","20":"pa_material-base-paper","21":"pa_material-composition-acrylic-latex-saturated-paper","22":"thunk-woo-product-list","23":"opn-qv-enable","24":"top-store-woo-hover-","25":"top-store-single-product-tab-horizontal","26":"top-store-shadow-","27":"top-store-shadow-hover-","29":"first","30":"instock","31":"shipping-taxable","32":"product-type-simple"},"jetpack_sharing_enabled":true,"_links":{"self":[{"href":"https:\/\/columbiafinishingmills.com\/fr\/wp-json\/wp\/v2\/product\/81125","targetHints":{"allow":["GET"]}}],"collection":[{"href":"https:\/\/columbiafinishingmills.com\/fr\/wp-json\/wp\/v2\/product"}],"about":[{"href":"https:\/\/columbiafinishingmills.com\/fr\/wp-json\/wp\/v2\/types\/product"}],"wp:featuredmedia":[{"embeddable":true,"href":"https:\/\/columbiafinishingmills.com\/fr\/wp-json\/wp\/v2\/media\/84361"}],"wp:attachment":[{"href":"https:\/\/columbiafinishingmills.com\/fr\/wp-json\/wp\/v2\/media?parent=81125"}],"wp:term":[{"taxonomy":"product_brand","embeddable":true,"href":"https:\/\/columbiafinishingmills.com\/fr\/wp-json\/wp\/v2\/product_brand?post=81125"},{"taxonomy":"product_cat","embeddable":true,"href":"https:\/\/columbiafinishingmills.com\/fr\/wp-json\/wp\/v2\/product_cat?post=81125"},{"taxonomy":"product_tag","embeddable":true,"href":"https:\/\/columbiafinishingmills.com\/fr\/wp-json\/wp\/v2\/product_tag?post=81125"}],"curies":[{"name":"wp","href":"https:\/\/api.w.org\/{rel}","templated":true}]}}