{"id":81106,"date":"2019-03-12T18:15:53","date_gmt":"2019-03-12T18:15:53","guid":{"rendered":"http:\/\/columbiafinishingmills.com\/product\/kivar-4-12-performa\/"},"modified":"2025-05-21T09:16:33","modified_gmt":"2025-05-21T13:16:33","slug":"kivar-4-performa","status":"publish","type":"product","link":"https:\/\/columbiafinishingmills.com\/fr\/produit\/cover-materials\/paper\/kivar-4-performa\/","title":{"rendered":"Kivar 4-12 Performa"},"content":{"rendered":"","protected":false},"excerpt":{"rendered":"<p>Kivar 4-12 est une feuille \u00e0 base de Northern Kraft avec une surface enduite d'acrylique pour une qualit\u00e9 d'impression optimale.<\/p>\n<p style=\"padding-left: 40px;\">\u2022 Choix de finition Chrome lisse ou 7 textures en relief (Antique, Cambric, Firenze, Homespun, Linenweave, Chisel, Satique)<br \/>\n\u2022 Excellente r\u00e9sistance \u00e0 l'encre<br \/>\n\u2022 Solide et flexible<br \/>\n\u2022 Performances d'impression sup\u00e9rieures \u00e0 un prix \u00e9conomique<br \/>\n\u2022 Poids lourd pour les couvertures souples ou les applications de couverture autoportante<br \/>\n\u2022 R\u00e9pond aux normes NASTA classe AA et BB<\/p>","protected":false},"featured_media":147692,"template":"","meta":[],"product_brand":[],"product_cat":[2108,15],"product_tag":[2322,471,599,853,693,903],"class_list":{"0":"post-81106","1":"product","2":"type-product","3":"status-publish","4":"has-post-thumbnail","6":"product_cat-paper","7":"product_cat-cover-materials","8":"product_tag-bookbinding-paper","9":"product_tag-cover-material","10":"product_tag-durable","11":"product_tag-economical","12":"product_tag-kraft","13":"product_tag-printable","14":"pa_application-bookbinding","15":"pa_application-printing","16":"pa_application-textbooks","17":"pa_decorating-method-offset-printing","18":"pa_decorating-method-screen-printing","19":"pa_material-base-paper","20":"pa_material-composition-kraft","21":"thunk-woo-product-list","22":"opn-qv-enable","23":"top-store-woo-hover-","24":"top-store-single-product-tab-horizontal","25":"top-store-shadow-","26":"top-store-shadow-hover-","28":"first","29":"instock","30":"shipping-taxable","31":"product-type-simple"},"jetpack_sharing_enabled":true,"_links":{"self":[{"href":"https:\/\/columbiafinishingmills.com\/fr\/wp-json\/wp\/v2\/product\/81106","targetHints":{"allow":["GET"]}}],"collection":[{"href":"https:\/\/columbiafinishingmills.com\/fr\/wp-json\/wp\/v2\/product"}],"about":[{"href":"https:\/\/columbiafinishingmills.com\/fr\/wp-json\/wp\/v2\/types\/product"}],"wp:featuredmedia":[{"embeddable":true,"href":"https:\/\/columbiafinishingmills.com\/fr\/wp-json\/wp\/v2\/media\/147692"}],"wp:attachment":[{"href":"https:\/\/columbiafinishingmills.com\/fr\/wp-json\/wp\/v2\/media?parent=81106"}],"wp:term":[{"taxonomy":"product_brand","embeddable":true,"href":"https:\/\/columbiafinishingmills.com\/fr\/wp-json\/wp\/v2\/product_brand?post=81106"},{"taxonomy":"product_cat","embeddable":true,"href":"https:\/\/columbiafinishingmills.com\/fr\/wp-json\/wp\/v2\/product_cat?post=81106"},{"taxonomy":"product_tag","embeddable":true,"href":"https:\/\/columbiafinishingmills.com\/fr\/wp-json\/wp\/v2\/product_tag?post=81106"}],"curies":[{"name":"wp","href":"https:\/\/api.w.org\/{rel}","templated":true}]}}