{"id":81096,"date":"2019-03-12T18:13:00","date_gmt":"2019-03-12T18:13:00","guid":{"rendered":"http:\/\/columbiafinishingmills.com\/product\/kivar-3-14-performa\/"},"modified":"2023-12-06T14:41:56","modified_gmt":"2023-12-06T19:41:56","slug":"kivar-3-performa","status":"publish","type":"product","link":"https:\/\/columbiafinishingmills.com\/fr\/produit\/cover-materials\/paper\/kivar-3-performa\/","title":{"rendered":"Kivar 3 Performa"},"content":{"rendered":"","protected":false},"excerpt":{"rendered":"<p>Kivar 3 Performa est un mat\u00e9riau de couverture imprimable offset \u00e9conomique mais durable qui est renforc\u00e9 de latex, ce qui le rend tr\u00e8s r\u00e9sistant, flexible et r\u00e9sistant \u00e0 l'humidit\u00e9.<\/p>\n<p style=\"padding-left: 40px;\">\u2022 Disponible en \u00e9paisseur de 14, 17 et 22 mil<br \/>\n\u2022 Disponible en chrome et 7 gaufrages: Antique, Cambric, Firenze, Homespun, Linenweave, Chisel, Satique<br \/>\n\u2022 R\u00e9pond aux normes NASTA classe AA et BB<br \/>\n\u2022 Excellente r\u00e9sistance \u00e0 l'encre<br \/>\n\u2022 Poids lourd pour les couvertures souples ou les couvertures autoportantes<\/p>\n<p>&nbsp;<\/p>","protected":false},"featured_media":83431,"template":"","meta":[],"product_brand":[],"product_cat":[2108,15],"product_tag":[2322,471,599,903],"class_list":{"0":"post-81096","1":"product","2":"type-product","3":"status-publish","4":"has-post-thumbnail","6":"product_cat-paper","7":"product_cat-cover-materials","8":"product_tag-bookbinding-paper","9":"product_tag-cover-material","10":"product_tag-durable","11":"product_tag-printable","12":"pa_application-bookbinding","13":"pa_application-printing","14":"pa_decorating-method-offset-printing","15":"pa_decorating-method-screen-printing","16":"pa_material-base-paper","17":"pa_material-composition-latex-reinforced","18":"thunk-woo-product-list","19":"opn-qv-enable","20":"top-store-woo-hover-","21":"top-store-single-product-tab-horizontal","22":"top-store-shadow-","23":"top-store-shadow-hover-","25":"first","26":"instock","27":"shipping-taxable","28":"product-type-simple"},"jetpack_sharing_enabled":true,"_links":{"self":[{"href":"https:\/\/columbiafinishingmills.com\/fr\/wp-json\/wp\/v2\/product\/81096","targetHints":{"allow":["GET"]}}],"collection":[{"href":"https:\/\/columbiafinishingmills.com\/fr\/wp-json\/wp\/v2\/product"}],"about":[{"href":"https:\/\/columbiafinishingmills.com\/fr\/wp-json\/wp\/v2\/types\/product"}],"wp:featuredmedia":[{"embeddable":true,"href":"https:\/\/columbiafinishingmills.com\/fr\/wp-json\/wp\/v2\/media\/83431"}],"wp:attachment":[{"href":"https:\/\/columbiafinishingmills.com\/fr\/wp-json\/wp\/v2\/media?parent=81096"}],"wp:term":[{"taxonomy":"product_brand","embeddable":true,"href":"https:\/\/columbiafinishingmills.com\/fr\/wp-json\/wp\/v2\/product_brand?post=81096"},{"taxonomy":"product_cat","embeddable":true,"href":"https:\/\/columbiafinishingmills.com\/fr\/wp-json\/wp\/v2\/product_cat?post=81096"},{"taxonomy":"product_tag","embeddable":true,"href":"https:\/\/columbiafinishingmills.com\/fr\/wp-json\/wp\/v2\/product_tag?post=81096"}],"curies":[{"name":"wp","href":"https:\/\/api.w.org\/{rel}","templated":true}]}}