{"id":81095,"date":"2019-03-12T18:10:33","date_gmt":"2019-03-12T18:10:33","guid":{"rendered":"http:\/\/columbiafinishingmills.com\/product\/kivar-2-performa\/"},"modified":"2023-12-06T14:44:40","modified_gmt":"2023-12-06T19:44:40","slug":"kivar-2-performa","status":"publish","type":"product","link":"https:\/\/columbiafinishingmills.com\/fr\/produit\/cover-materials\/paper\/kivar-2-performa\/","title":{"rendered":"Kivar 2 Performa"},"content":{"rendered":"","protected":false},"excerpt":{"rendered":"<p>Kivar 2 Performa est un mat\u00e9riau de qualit\u00e9 renforc\u00e9e au latex. Il d\u00e9passe les sp\u00e9cifications non tiss\u00e9es de NASTA Type II Classe A \u00e0 E. Une feuille de qualit\u00e9 sup\u00e9rieure robuste, qui pr\u00e9sente une reproduction d'image exceptionnelle.<\/p>\n<p style=\"padding-left: 40px;\">\u2022 D\u00e9passe les sp\u00e9cifications non tiss\u00e9es NASTA de type II de classe A \u00e0 E pour l'utilisation des manuels \u00e9l\u00e9mentaires \/ secondaires.<br \/>\n\u2022 Choix de finition Chrome lisse ou 7 textures en relief (Antique, Cambric, Firenze, Homespun, Linenweave, Chisel, Satique).<br \/>\n\u2022 Feuille premium robuste qui pr\u00e9sente une reproduction d'image exceptionnelle.<\/p>","protected":false},"featured_media":83426,"template":"","meta":[],"product_brand":[],"product_cat":[2108,15],"product_tag":[2322,471,599,903],"class_list":{"0":"post-81095","1":"product","2":"type-product","3":"status-publish","4":"has-post-thumbnail","6":"product_cat-paper","7":"product_cat-cover-materials","8":"product_tag-bookbinding-paper","9":"product_tag-cover-material","10":"product_tag-durable","11":"product_tag-printable","12":"pa_application-bookbinding","13":"pa_application-printing","14":"pa_application-textbooks","15":"pa_decorating-method-offset-printing","16":"pa_decorating-method-screen-printing","17":"pa_material-base-paper","18":"pa_material-composition-acrylic-latex-saturated-paper","19":"thunk-woo-product-list","20":"opn-qv-enable","21":"top-store-woo-hover-","22":"top-store-single-product-tab-horizontal","23":"top-store-shadow-","24":"top-store-shadow-hover-","26":"first","27":"instock","28":"shipping-taxable","29":"product-type-simple"},"jetpack_sharing_enabled":true,"_links":{"self":[{"href":"https:\/\/columbiafinishingmills.com\/fr\/wp-json\/wp\/v2\/product\/81095","targetHints":{"allow":["GET"]}}],"collection":[{"href":"https:\/\/columbiafinishingmills.com\/fr\/wp-json\/wp\/v2\/product"}],"about":[{"href":"https:\/\/columbiafinishingmills.com\/fr\/wp-json\/wp\/v2\/types\/product"}],"wp:featuredmedia":[{"embeddable":true,"href":"https:\/\/columbiafinishingmills.com\/fr\/wp-json\/wp\/v2\/media\/83426"}],"wp:attachment":[{"href":"https:\/\/columbiafinishingmills.com\/fr\/wp-json\/wp\/v2\/media?parent=81095"}],"wp:term":[{"taxonomy":"product_brand","embeddable":true,"href":"https:\/\/columbiafinishingmills.com\/fr\/wp-json\/wp\/v2\/product_brand?post=81095"},{"taxonomy":"product_cat","embeddable":true,"href":"https:\/\/columbiafinishingmills.com\/fr\/wp-json\/wp\/v2\/product_cat?post=81095"},{"taxonomy":"product_tag","embeddable":true,"href":"https:\/\/columbiafinishingmills.com\/fr\/wp-json\/wp\/v2\/product_tag?post=81095"}],"curies":[{"name":"wp","href":"https:\/\/api.w.org\/{rel}","templated":true}]}}