{"id":81089,"date":"2019-03-12T18:08:43","date_gmt":"2019-03-12T18:08:43","guid":{"rendered":"http:\/\/columbiafinishingmills.com\/product\/hyflex-12\/"},"modified":"2025-05-21T09:15:31","modified_gmt":"2025-05-21T13:15:31","slug":"hyflex","status":"publish","type":"product","link":"https:\/\/columbiafinishingmills.com\/fr\/produit\/cover-materials\/paper\/hyflex\/","title":{"rendered":"Hyflex"},"content":{"rendered":"","protected":false},"excerpt":{"rendered":"<p>Hyflex est un mat\u00e9riau lourd renforc\u00e9 de latex, fabriqu\u00e9 avec la construction Hyflex\u00ae unique con\u00e7ue pour offrir une longue dur\u00e9e de vie et r\u00e9sister aux mauvais traitements. Cette conception offre une feuille tr\u00e8s flexible, avec une r\u00e9sistance et une r\u00e9sistance aux fissures importantes. Hyflex\u00ae est con\u00e7u pour \u00eatre fini en ligne ou hors ligne avec des couches de finition aqueuses ou UV et est con\u00e7u pour de nombreuses applications de produits autoportants.<\/p>\n<p><strong>Hyflex\u00ae 7<br \/>\n<\/strong>6 mil d'\u00e9paisseur<br \/>\nColor: White<br \/>\nEmbossing: Smooth (Chrome) and 7 additional embossings<\/p>\n<p><strong>Hyflex\u00ae 9<br \/>\n<\/strong><strong>Hyflex\u00ae 9<br>\n<\/strong>9 mil \u00c9paisseur<br>\nColor: White<br>\nEmbossing: Smooth (Chrome) and 5 additional embossings<br \/>\nColor: White<br \/>\nEmbossing: Smooth (Chrome) and 5 additional embossings<\/p>\n<p><strong>Hyflex\u00ae 12<br \/>\n<\/strong>12.3 mil \u00c9paisseur<br \/>\nColor: White<br \/>\nEmbossing: Smooth (Chrome) and 5 additional embossings<\/p>","protected":false},"featured_media":147691,"template":"","meta":[],"product_brand":[],"product_cat":[2108,15],"product_tag":[2322,471,903],"class_list":{"0":"post-81089","1":"product","2":"type-product","3":"status-publish","4":"has-post-thumbnail","6":"product_cat-paper","7":"product_cat-cover-materials","8":"product_tag-bookbinding-paper","9":"product_tag-cover-material","10":"product_tag-printable","11":"pa_application-bookbinding","12":"pa_application-printing","13":"pa_application-textbooks","14":"pa_decorating-method-offset-printing","15":"pa_decorating-method-screen-printing","16":"pa_material-base-paper","17":"pa_material-composition-acrylic-latex-saturated-paper","18":"thunk-woo-product-list","19":"opn-qv-enable","20":"top-store-woo-hover-","21":"top-store-single-product-tab-horizontal","22":"top-store-shadow-","23":"top-store-shadow-hover-","25":"first","26":"instock","27":"shipping-taxable","28":"product-type-simple"},"jetpack_sharing_enabled":true,"_links":{"self":[{"href":"https:\/\/columbiafinishingmills.com\/fr\/wp-json\/wp\/v2\/product\/81089","targetHints":{"allow":["GET"]}}],"collection":[{"href":"https:\/\/columbiafinishingmills.com\/fr\/wp-json\/wp\/v2\/product"}],"about":[{"href":"https:\/\/columbiafinishingmills.com\/fr\/wp-json\/wp\/v2\/types\/product"}],"wp:featuredmedia":[{"embeddable":true,"href":"https:\/\/columbiafinishingmills.com\/fr\/wp-json\/wp\/v2\/media\/147691"}],"wp:attachment":[{"href":"https:\/\/columbiafinishingmills.com\/fr\/wp-json\/wp\/v2\/media?parent=81089"}],"wp:term":[{"taxonomy":"product_brand","embeddable":true,"href":"https:\/\/columbiafinishingmills.com\/fr\/wp-json\/wp\/v2\/product_brand?post=81089"},{"taxonomy":"product_cat","embeddable":true,"href":"https:\/\/columbiafinishingmills.com\/fr\/wp-json\/wp\/v2\/product_cat?post=81089"},{"taxonomy":"product_tag","embeddable":true,"href":"https:\/\/columbiafinishingmills.com\/fr\/wp-json\/wp\/v2\/product_tag?post=81089"}],"curies":[{"name":"wp","href":"https:\/\/api.w.org\/{rel}","templated":true}]}}