{"id":81071,"date":"2019-03-12T18:00:47","date_gmt":"2019-03-12T18:00:47","guid":{"rendered":"http:\/\/columbiafinishingmills.com\/product\/docu-cover-ii\/"},"modified":"2026-02-17T15:39:24","modified_gmt":"2026-02-17T20:39:24","slug":"docu-cover-ii","status":"publish","type":"product","link":"https:\/\/columbiafinishingmills.com\/fr\/produit\/cover-materials\/paper\/docu-cover-ii\/","title":{"rendered":"Docu Cover II"},"content":{"rendered":"<div id='gallery-1' class='gallery galleryid-81071 gallery-columns-6 gallery-size-thumbnail'><figure class='gallery-item'>\n\t\t\t<div class='gallery-icon landscape'>\n\t\t\t\t<a href='https:\/\/columbiafinishingmills.com\/wp-content\/uploads\/Products\/Cover-Material\/Docu-Cover-II\/Docu-Cover-II-7500.jpg'><img loading=\"lazy\" decoding=\"async\" width=\"150\" height=\"150\" src=\"https:\/\/columbiafinishingmills.com\/wp-content\/uploads\/Products\/Cover-Material\/Docu-Cover-II\/Docu-Cover-II-7500-150x150.jpg\" class=\"attachment-thumbnail size-thumbnail\" alt=\"Docu Cover 2 Cover Material 7500\" aria-describedby=\"gallery-1-81506\" srcset=\"https:\/\/columbiafinishingmills.com\/wp-content\/uploads\/Products\/Cover-Material\/Docu-Cover-II\/Docu-Cover-II-7500-150x150.jpg 150w, https:\/\/columbiafinishingmills.com\/wp-content\/uploads\/Products\/Cover-Material\/Docu-Cover-II\/Docu-Cover-II-7500-200x200.jpg 200w, https:\/\/columbiafinishingmills.com\/wp-content\/uploads\/Products\/Cover-Material\/Docu-Cover-II\/Docu-Cover-II-7500-300x300.jpg 300w, https:\/\/columbiafinishingmills.com\/wp-content\/uploads\/Products\/Cover-Material\/Docu-Cover-II\/Docu-Cover-II-7500-32x32.jpg 32w, https:\/\/columbiafinishingmills.com\/wp-content\/uploads\/Products\/Cover-Material\/Docu-Cover-II\/Docu-Cover-II-7500-100x100.jpg 100w, https:\/\/columbiafinishingmills.com\/wp-content\/uploads\/Products\/Cover-Material\/Docu-Cover-II\/Docu-Cover-II-7500.jpg 360w\" sizes=\"auto, (max-width: 150px) 100vw, 150px\" \/><\/a>\n\t\t\t<\/div>\n\t\t\t\t<figcaption class='wp-caption-text gallery-caption' id='gallery-1-81506'>\n\t\t\t\t7500 Black\n\t\t\t\t<\/figcaption><\/figure><figure class='gallery-item'>\n\t\t\t<div class='gallery-icon landscape'>\n\t\t\t\t<a href='https:\/\/columbiafinishingmills.com\/wp-content\/uploads\/Eco-Cover-Midnight-uai-400x266-2.jpg'><img loading=\"lazy\" decoding=\"async\" width=\"150\" height=\"150\" src=\"https:\/\/columbiafinishingmills.com\/wp-content\/uploads\/Eco-Cover-Midnight-uai-400x266-2-150x150.jpg\" class=\"attachment-thumbnail size-thumbnail\" alt=\"\" aria-describedby=\"gallery-1-144801\" srcset=\"https:\/\/columbiafinishingmills.com\/wp-content\/uploads\/Eco-Cover-Midnight-uai-400x266-2-150x150.jpg 150w, https:\/\/columbiafinishingmills.com\/wp-content\/uploads\/Eco-Cover-Midnight-uai-400x266-2-32x32.jpg 32w, https:\/\/columbiafinishingmills.com\/wp-content\/uploads\/Eco-Cover-Midnight-uai-400x266-2-100x100.jpg 100w\" sizes=\"auto, (max-width: 150px) 100vw, 150px\" \/><\/a>\n\t\t\t<\/div>\n\t\t\t\t<figcaption class='wp-caption-text gallery-caption' id='gallery-1-144801'>\n\t\t\t\tMidnight\n\t\t\t\t<\/figcaption><\/figure>\n\t\t<\/div>","protected":false},"excerpt":{"rendered":"<p>Docu-Cover II est un mat\u00e9riau de couverture en papier satur\u00e9 en latex de 17 pt. Docu-Cover II offre du prestige \u00e0 toutes vos pr\u00e9sentations d'entreprise.<\/p>\n<p>C'est le produit de choix pour la reliure de couverture souple de haute qualit\u00e9. Des couleurs personnalis\u00e9es sont disponibles sur commande.<\/p>","protected":false},"featured_media":148034,"template":"","meta":[],"product_brand":[],"product_cat":[2108,15],"product_tag":[2322,471,661,760],"class_list":{"0":"post-81071","1":"product","2":"type-product","3":"status-publish","4":"has-post-thumbnail","6":"product_cat-paper","7":"product_cat-cover-materials","8":"product_tag-bookbinding-paper","9":"product_tag-cover-material","10":"product_tag-paper","11":"product_tag-self-supporting","12":"pa_application-albums","13":"pa_application-bookbinding","14":"pa_application-menus-and-hospitality","15":"pa_application-portfolios","16":"pa_application-printing","17":"pa_decorating-method-foil-stamping","18":"pa_decorating-method-screen-printing","19":"pa_material-base-paper","20":"pa_material-composition-acrylic-latex-saturated-paper","21":"thunk-woo-product-list","22":"opn-qv-enable","23":"top-store-woo-hover-","24":"top-store-single-product-tab-horizontal","25":"top-store-shadow-","26":"top-store-shadow-hover-","28":"first","29":"instock","30":"shipping-taxable","31":"product-type-simple"},"jetpack_sharing_enabled":true,"_links":{"self":[{"href":"https:\/\/columbiafinishingmills.com\/fr\/wp-json\/wp\/v2\/product\/81071","targetHints":{"allow":["GET"]}}],"collection":[{"href":"https:\/\/columbiafinishingmills.com\/fr\/wp-json\/wp\/v2\/product"}],"about":[{"href":"https:\/\/columbiafinishingmills.com\/fr\/wp-json\/wp\/v2\/types\/product"}],"wp:featuredmedia":[{"embeddable":true,"href":"https:\/\/columbiafinishingmills.com\/fr\/wp-json\/wp\/v2\/media\/148034"}],"wp:attachment":[{"href":"https:\/\/columbiafinishingmills.com\/fr\/wp-json\/wp\/v2\/media?parent=81071"}],"wp:term":[{"taxonomy":"product_brand","embeddable":true,"href":"https:\/\/columbiafinishingmills.com\/fr\/wp-json\/wp\/v2\/product_brand?post=81071"},{"taxonomy":"product_cat","embeddable":true,"href":"https:\/\/columbiafinishingmills.com\/fr\/wp-json\/wp\/v2\/product_cat?post=81071"},{"taxonomy":"product_tag","embeddable":true,"href":"https:\/\/columbiafinishingmills.com\/fr\/wp-json\/wp\/v2\/product_tag?post=81071"}],"curies":[{"name":"wp","href":"https:\/\/api.w.org\/{rel}","templated":true}]}}