{"id":81057,"date":"2019-03-12T17:49:52","date_gmt":"2019-03-12T17:49:52","guid":{"rendered":"http:\/\/columbiafinishingmills.com\/product\/kennett\/"},"modified":"2024-05-21T11:22:25","modified_gmt":"2024-05-21T15:22:25","slug":"kennett","status":"publish","type":"product","link":"https:\/\/columbiafinishingmills.com\/fr\/produit\/cover-materials\/cloth\/kennett\/","title":{"rendered":"Kennett"},"content":{"rendered":"<div id='gallery-1' class='gallery galleryid-81057 gallery-columns-6 gallery-size-thumbnail'><figure class='gallery-item'>\n\t\t\t<div class='gallery-icon portrait'>\n\t\t\t\t<a href='https:\/\/columbiafinishingmills.com\/fr\/?attachment_id=146087'><img loading=\"lazy\" decoding=\"async\" width=\"150\" height=\"150\" src=\"https:\/\/columbiafinishingmills.com\/wp-content\/uploads\/15000-White-150x150.png\" class=\"attachment-thumbnail size-thumbnail\" alt=\"\" aria-describedby=\"gallery-1-146087\" srcset=\"https:\/\/columbiafinishingmills.com\/wp-content\/uploads\/15000-White-150x150.png 150w, https:\/\/columbiafinishingmills.com\/wp-content\/uploads\/15000-White-32x32.png 32w, https:\/\/columbiafinishingmills.com\/wp-content\/uploads\/15000-White-320x320.png 320w, https:\/\/columbiafinishingmills.com\/wp-content\/uploads\/15000-White-100x100.png 100w\" sizes=\"auto, (max-width: 150px) 100vw, 150px\" \/><\/a>\n\t\t\t<\/div>\n\t\t\t\t<figcaption class='wp-caption-text gallery-caption' id='gallery-1-146087'>\n\t\t\t\t15000 White\n\t\t\t\t<\/figcaption><\/figure><figure class='gallery-item'>\n\t\t\t<div class='gallery-icon portrait'>\n\t\t\t\t<a href='https:\/\/columbiafinishingmills.com\/fr\/?attachment_id=146088'><img loading=\"lazy\" decoding=\"async\" width=\"150\" height=\"150\" src=\"https:\/\/columbiafinishingmills.com\/wp-content\/uploads\/18290-Slate-Grey-150x150.png\" class=\"attachment-thumbnail size-thumbnail\" alt=\"\" aria-describedby=\"gallery-1-146088\" srcset=\"https:\/\/columbiafinishingmills.com\/wp-content\/uploads\/18290-Slate-Grey-150x150.png 150w, https:\/\/columbiafinishingmills.com\/wp-content\/uploads\/18290-Slate-Grey-32x32.png 32w, https:\/\/columbiafinishingmills.com\/wp-content\/uploads\/18290-Slate-Grey-320x320.png 320w, https:\/\/columbiafinishingmills.com\/wp-content\/uploads\/18290-Slate-Grey-100x100.png 100w\" sizes=\"auto, (max-width: 150px) 100vw, 150px\" \/><\/a>\n\t\t\t<\/div>\n\t\t\t\t<figcaption class='wp-caption-text gallery-caption' id='gallery-1-146088'>\n\t\t\t\t18290 Slate Grey\n\t\t\t\t<\/figcaption><\/figure><figure class='gallery-item'>\n\t\t\t<div class='gallery-icon portrait'>\n\t\t\t\t<a href='https:\/\/columbiafinishingmills.com\/fr\/?attachment_id=146089'><img loading=\"lazy\" decoding=\"async\" width=\"150\" height=\"150\" src=\"https:\/\/columbiafinishingmills.com\/wp-content\/uploads\/18390-Silver-Mist-150x150.png\" class=\"attachment-thumbnail size-thumbnail\" alt=\"\" aria-describedby=\"gallery-1-146089\" srcset=\"https:\/\/columbiafinishingmills.com\/wp-content\/uploads\/18390-Silver-Mist-150x150.png 150w, https:\/\/columbiafinishingmills.com\/wp-content\/uploads\/18390-Silver-Mist-32x32.png 32w, https:\/\/columbiafinishingmills.com\/wp-content\/uploads\/18390-Silver-Mist-320x320.png 320w, https:\/\/columbiafinishingmills.com\/wp-content\/uploads\/18390-Silver-Mist-100x100.png 100w\" sizes=\"auto, (max-width: 150px) 100vw, 150px\" \/><\/a>\n\t\t\t<\/div>\n\t\t\t\t<figcaption class='wp-caption-text gallery-caption' id='gallery-1-146089'>\n\t\t\t\t18390 Silver Mist\n\t\t\t\t<\/figcaption><\/figure><figure class='gallery-item'>\n\t\t\t<div class='gallery-icon portrait'>\n\t\t\t\t<a href='https:\/\/columbiafinishingmills.com\/fr\/?attachment_id=146090'><img loading=\"lazy\" decoding=\"async\" width=\"150\" height=\"150\" src=\"https:\/\/columbiafinishingmills.com\/wp-content\/uploads\/19991-Jet-Black-150x150.png\" class=\"attachment-thumbnail size-thumbnail\" alt=\"\" aria-describedby=\"gallery-1-146090\" srcset=\"https:\/\/columbiafinishingmills.com\/wp-content\/uploads\/19991-Jet-Black-150x150.png 150w, https:\/\/columbiafinishingmills.com\/wp-content\/uploads\/19991-Jet-Black-32x32.png 32w, https:\/\/columbiafinishingmills.com\/wp-content\/uploads\/19991-Jet-Black-320x320.png 320w, https:\/\/columbiafinishingmills.com\/wp-content\/uploads\/19991-Jet-Black-100x100.png 100w\" sizes=\"auto, (max-width: 150px) 100vw, 150px\" \/><\/a>\n\t\t\t<\/div>\n\t\t\t\t<figcaption class='wp-caption-text gallery-caption' id='gallery-1-146090'>\n\t\t\t\t19991 Jet Black\n\t\t\t\t<\/figcaption><\/figure><figure class='gallery-item'>\n\t\t\t<div class='gallery-icon portrait'>\n\t\t\t\t<a href='https:\/\/columbiafinishingmills.com\/fr\/?attachment_id=146091'><img loading=\"lazy\" decoding=\"async\" width=\"150\" height=\"150\" src=\"https:\/\/columbiafinishingmills.com\/wp-content\/uploads\/36121-Natural-150x150.png\" class=\"attachment-thumbnail size-thumbnail\" alt=\"\" aria-describedby=\"gallery-1-146091\" srcset=\"https:\/\/columbiafinishingmills.com\/wp-content\/uploads\/36121-Natural-150x150.png 150w, https:\/\/columbiafinishingmills.com\/wp-content\/uploads\/36121-Natural-32x32.png 32w, https:\/\/columbiafinishingmills.com\/wp-content\/uploads\/36121-Natural-320x320.png 320w, https:\/\/columbiafinishingmills.com\/wp-content\/uploads\/36121-Natural-100x100.png 100w\" sizes=\"auto, (max-width: 150px) 100vw, 150px\" \/><\/a>\n\t\t\t<\/div>\n\t\t\t\t<figcaption class='wp-caption-text gallery-caption' id='gallery-1-146091'>\n\t\t\t\t36121 Natural\n\t\t\t\t<\/figcaption><\/figure><figure class='gallery-item'>\n\t\t\t<div class='gallery-icon portrait'>\n\t\t\t\t<a href='https:\/\/columbiafinishingmills.com\/fr\/?attachment_id=146092'><img loading=\"lazy\" decoding=\"async\" width=\"150\" height=\"150\" src=\"https:\/\/columbiafinishingmills.com\/wp-content\/uploads\/39860-Pecan-150x150.png\" class=\"attachment-thumbnail size-thumbnail\" alt=\"\" aria-describedby=\"gallery-1-146092\" srcset=\"https:\/\/columbiafinishingmills.com\/wp-content\/uploads\/39860-Pecan-150x150.png 150w, https:\/\/columbiafinishingmills.com\/wp-content\/uploads\/39860-Pecan-32x32.png 32w, https:\/\/columbiafinishingmills.com\/wp-content\/uploads\/39860-Pecan-320x320.png 320w, https:\/\/columbiafinishingmills.com\/wp-content\/uploads\/39860-Pecan-100x100.png 100w\" sizes=\"auto, (max-width: 150px) 100vw, 150px\" \/><\/a>\n\t\t\t<\/div>\n\t\t\t\t<figcaption class='wp-caption-text gallery-caption' id='gallery-1-146092'>\n\t\t\t\t39860 Pecan\n\t\t\t\t<\/figcaption><\/figure><figure class='gallery-item'>\n\t\t\t<div class='gallery-icon portrait'>\n\t\t\t\t<a href='https:\/\/columbiafinishingmills.com\/fr\/?attachment_id=146093'><img loading=\"lazy\" decoding=\"async\" width=\"150\" height=\"150\" src=\"https:\/\/columbiafinishingmills.com\/wp-content\/uploads\/46855-Royal-150x150.png\" class=\"attachment-thumbnail size-thumbnail\" alt=\"\" aria-describedby=\"gallery-1-146093\" srcset=\"https:\/\/columbiafinishingmills.com\/wp-content\/uploads\/46855-Royal-150x150.png 150w, https:\/\/columbiafinishingmills.com\/wp-content\/uploads\/46855-Royal-32x32.png 32w, https:\/\/columbiafinishingmills.com\/wp-content\/uploads\/46855-Royal-320x320.png 320w, https:\/\/columbiafinishingmills.com\/wp-content\/uploads\/46855-Royal-100x100.png 100w\" sizes=\"auto, (max-width: 150px) 100vw, 150px\" \/><\/a>\n\t\t\t<\/div>\n\t\t\t\t<figcaption class='wp-caption-text gallery-caption' id='gallery-1-146093'>\n\t\t\t\t46855 Royal\n\t\t\t\t<\/figcaption><\/figure><figure class='gallery-item'>\n\t\t\t<div class='gallery-icon portrait'>\n\t\t\t\t<a href='https:\/\/columbiafinishingmills.com\/fr\/?attachment_id=146094'><img loading=\"lazy\" decoding=\"async\" width=\"150\" height=\"150\" src=\"https:\/\/columbiafinishingmills.com\/wp-content\/uploads\/49107-Cornflower-150x150.png\" class=\"attachment-thumbnail size-thumbnail\" alt=\"\" aria-describedby=\"gallery-1-146094\" srcset=\"https:\/\/columbiafinishingmills.com\/wp-content\/uploads\/49107-Cornflower-150x150.png 150w, https:\/\/columbiafinishingmills.com\/wp-content\/uploads\/49107-Cornflower-32x32.png 32w, https:\/\/columbiafinishingmills.com\/wp-content\/uploads\/49107-Cornflower-320x320.png 320w, https:\/\/columbiafinishingmills.com\/wp-content\/uploads\/49107-Cornflower-100x100.png 100w\" sizes=\"auto, (max-width: 150px) 100vw, 150px\" \/><\/a>\n\t\t\t<\/div>\n\t\t\t\t<figcaption class='wp-caption-text gallery-caption' id='gallery-1-146094'>\n\t\t\t\t49107 Cornflower\n\t\t\t\t<\/figcaption><\/figure><figure class='gallery-item'>\n\t\t\t<div class='gallery-icon portrait'>\n\t\t\t\t<a href='https:\/\/columbiafinishingmills.com\/fr\/?attachment_id=146095'><img loading=\"lazy\" decoding=\"async\" width=\"150\" height=\"150\" src=\"https:\/\/columbiafinishingmills.com\/wp-content\/uploads\/49601-Navy-150x150.png\" class=\"attachment-thumbnail size-thumbnail\" alt=\"\" aria-describedby=\"gallery-1-146095\" srcset=\"https:\/\/columbiafinishingmills.com\/wp-content\/uploads\/49601-Navy-150x150.png 150w, https:\/\/columbiafinishingmills.com\/wp-content\/uploads\/49601-Navy-32x32.png 32w, https:\/\/columbiafinishingmills.com\/wp-content\/uploads\/49601-Navy-320x320.png 320w, https:\/\/columbiafinishingmills.com\/wp-content\/uploads\/49601-Navy-100x100.png 100w\" sizes=\"auto, (max-width: 150px) 100vw, 150px\" \/><\/a>\n\t\t\t<\/div>\n\t\t\t\t<figcaption class='wp-caption-text gallery-caption' id='gallery-1-146095'>\n\t\t\t\t49601 Navy\n\t\t\t\t<\/figcaption><\/figure><figure class='gallery-item'>\n\t\t\t<div class='gallery-icon portrait'>\n\t\t\t\t<a href='https:\/\/columbiafinishingmills.com\/fr\/?attachment_id=146096'><img loading=\"lazy\" decoding=\"async\" width=\"150\" height=\"150\" src=\"https:\/\/columbiafinishingmills.com\/wp-content\/uploads\/58350-Forest-150x150.png\" class=\"attachment-thumbnail size-thumbnail\" alt=\"\" aria-describedby=\"gallery-1-146096\" srcset=\"https:\/\/columbiafinishingmills.com\/wp-content\/uploads\/58350-Forest-150x150.png 150w, https:\/\/columbiafinishingmills.com\/wp-content\/uploads\/58350-Forest-32x32.png 32w, https:\/\/columbiafinishingmills.com\/wp-content\/uploads\/58350-Forest-320x320.png 320w, https:\/\/columbiafinishingmills.com\/wp-content\/uploads\/58350-Forest-100x100.png 100w\" sizes=\"auto, (max-width: 150px) 100vw, 150px\" \/><\/a>\n\t\t\t<\/div>\n\t\t\t\t<figcaption class='wp-caption-text gallery-caption' id='gallery-1-146096'>\n\t\t\t\t58350 Forest\n\t\t\t\t<\/figcaption><\/figure><figure class='gallery-item'>\n\t\t\t<div class='gallery-icon portrait'>\n\t\t\t\t<a href='https:\/\/columbiafinishingmills.com\/fr\/?attachment_id=146098'><img loading=\"lazy\" decoding=\"async\" width=\"150\" height=\"150\" src=\"https:\/\/columbiafinishingmills.com\/wp-content\/uploads\/67130-Valentine-150x150.png\" class=\"attachment-thumbnail size-thumbnail\" alt=\"\" aria-describedby=\"gallery-1-146098\" srcset=\"https:\/\/columbiafinishingmills.com\/wp-content\/uploads\/67130-Valentine-150x150.png 150w, https:\/\/columbiafinishingmills.com\/wp-content\/uploads\/67130-Valentine-32x32.png 32w, https:\/\/columbiafinishingmills.com\/wp-content\/uploads\/67130-Valentine-320x320.png 320w, https:\/\/columbiafinishingmills.com\/wp-content\/uploads\/67130-Valentine-100x100.png 100w\" sizes=\"auto, (max-width: 150px) 100vw, 150px\" \/><\/a>\n\t\t\t<\/div>\n\t\t\t\t<figcaption class='wp-caption-text gallery-caption' id='gallery-1-146098'>\n\t\t\t\t67130 Valentine\n\t\t\t\t<\/figcaption><\/figure><figure class='gallery-item'>\n\t\t\t<div class='gallery-icon portrait'>\n\t\t\t\t<a href='https:\/\/columbiafinishingmills.com\/fr\/?attachment_id=146099'><img loading=\"lazy\" decoding=\"async\" width=\"150\" height=\"150\" src=\"https:\/\/columbiafinishingmills.com\/wp-content\/uploads\/68000-Wine-150x150.png\" class=\"attachment-thumbnail size-thumbnail\" alt=\"\" aria-describedby=\"gallery-1-146099\" srcset=\"https:\/\/columbiafinishingmills.com\/wp-content\/uploads\/68000-Wine-150x150.png 150w, https:\/\/columbiafinishingmills.com\/wp-content\/uploads\/68000-Wine-32x32.png 32w, https:\/\/columbiafinishingmills.com\/wp-content\/uploads\/68000-Wine-320x320.png 320w, https:\/\/columbiafinishingmills.com\/wp-content\/uploads\/68000-Wine-100x100.png 100w\" sizes=\"auto, (max-width: 150px) 100vw, 150px\" \/><\/a>\n\t\t\t<\/div>\n\t\t\t\t<figcaption class='wp-caption-text gallery-caption' id='gallery-1-146099'>\n\t\t\t\t68000 Wine\n\t\t\t\t<\/figcaption><\/figure>\n\t\t<\/div>","protected":false},"excerpt":{"rendered":"<p>Le tissu pour couverture Kennett au fini naturel, est compos\u00e9 de coton \u00e0 100% et scell\u00e9  d'amidon tout en conservant un fini naturel. Comme il est abordable et d\u00e9corable, le tissu Kennett peut \u00eatre utilis\u00e9 dans les applications de couverture compl\u00e8te et de colonne vert\u00e9brale. Parce qu'il accepte bien la colle, le tissu Kennett est adapt\u00e9 pour les travaux \u00e0 rebords. Le tissu Kennett serait le choix \u00e9cologique pour ceux qui cherchent \u00e0 faire la premi\u00e8re impression que seule une v\u00e9ritable finition naturelle peut offrir.<\/p>\n<ul>\n<li>R\u00e9sistance \u00e0 la cruche humide limit\u00e9e<\/li>\n<li>Bonne r\u00e9sistance aux rayons UV<\/li>\n<li>R\u00e9sistance \u00e0 l'usure mod\u00e9r\u00e9e<\/li>\n<li>R\u00e9sistance \u00e0 l'abrasion mod\u00e9r\u00e9e<\/li>\n<li>Bonne durabilit\u00e9<\/li>\n<li>Kennett 19991 Jet Black stock\u00e9 \u00e0 Cornwall<\/li>\n<li>Couleurs personnalis\u00e9es disponibles sur commande (MTO)<\/li>\n<\/ul>","protected":false},"featured_media":81857,"template":"","meta":[],"product_brand":[],"product_cat":[2111,15],"product_tag":[2286,471,599,853],"class_list":{"0":"post-81057","1":"product","2":"type-product","3":"status-publish","4":"has-post-thumbnail","6":"product_cat-cloth","7":"product_cat-cover-materials","8":"product_tag-bookcloth","9":"product_tag-cover-material","10":"product_tag-durable","11":"product_tag-economical","12":"pa_application-albums","13":"pa_application-bookbinding","14":"pa_application-decorative-packaging","15":"pa_application-hobbies-and-crafts","16":"pa_application-looseleaf","17":"pa_application-menus-and-hospitality","18":"pa_application-point-of-purchase","19":"pa_application-portfolios","20":"pa_application-printing","21":"pa_application-scrapbooking","22":"pa_decorating-method-blind-stamping","23":"pa_decorating-method-foil-stamping","24":"pa_material-base-cloth","25":"pa_material-composition-100-cotton","26":"thunk-woo-product-list","27":"opn-qv-enable","28":"top-store-woo-hover-","29":"top-store-single-product-tab-horizontal","30":"top-store-shadow-","31":"top-store-shadow-hover-","33":"first","34":"instock","35":"shipping-taxable","36":"product-type-simple"},"jetpack_sharing_enabled":true,"_links":{"self":[{"href":"https:\/\/columbiafinishingmills.com\/fr\/wp-json\/wp\/v2\/product\/81057","targetHints":{"allow":["GET"]}}],"collection":[{"href":"https:\/\/columbiafinishingmills.com\/fr\/wp-json\/wp\/v2\/product"}],"about":[{"href":"https:\/\/columbiafinishingmills.com\/fr\/wp-json\/wp\/v2\/types\/product"}],"wp:featuredmedia":[{"embeddable":true,"href":"https:\/\/columbiafinishingmills.com\/fr\/wp-json\/wp\/v2\/media\/81857"}],"wp:attachment":[{"href":"https:\/\/columbiafinishingmills.com\/fr\/wp-json\/wp\/v2\/media?parent=81057"}],"wp:term":[{"taxonomy":"product_brand","embeddable":true,"href":"https:\/\/columbiafinishingmills.com\/fr\/wp-json\/wp\/v2\/product_brand?post=81057"},{"taxonomy":"product_cat","embeddable":true,"href":"https:\/\/columbiafinishingmills.com\/fr\/wp-json\/wp\/v2\/product_cat?post=81057"},{"taxonomy":"product_tag","embeddable":true,"href":"https:\/\/columbiafinishingmills.com\/fr\/wp-json\/wp\/v2\/product_tag?post=81057"}],"curies":[{"name":"wp","href":"https:\/\/api.w.org\/{rel}","templated":true}]}}