{"id":44894,"date":"2016-02-22T11:14:09","date_gmt":"2016-02-22T11:14:09","guid":{"rendered":"https:\/\/undsgn.com\/uncode\/?page_id=44894"},"modified":"2024-09-10T13:47:14","modified_gmt":"2024-09-10T17:47:14","slug":"our-history","status":"publish","type":"page","link":"https:\/\/columbiafinishingmills.com\/fr\/our-history\/","title":{"rendered":"Notre histoire"},"content":{"rendered":"<figure class=\"wp-block-image size-large\"><img loading=\"lazy\" decoding=\"async\" width=\"1024\" height=\"637\" src=\"https:\/\/columbiafinishingmills.com\/wp-content\/uploads\/1000009040-8-1024x637.jpg\" alt=\"\" class=\"wp-image-147620\" srcset=\"https:\/\/columbiafinishingmills.com\/wp-content\/uploads\/1000009040-8-1024x637.jpg 1024w, https:\/\/columbiafinishingmills.com\/wp-content\/uploads\/1000009040-8-300x187.jpg 300w, https:\/\/columbiafinishingmills.com\/wp-content\/uploads\/1000009040-8-768x478.jpg 768w, https:\/\/columbiafinishingmills.com\/wp-content\/uploads\/1000009040-8-1536x956.jpg 1536w, https:\/\/columbiafinishingmills.com\/wp-content\/uploads\/1000009040-8-2048x1275.jpg 2048w, https:\/\/columbiafinishingmills.com\/wp-content\/uploads\/1000009040-8-18x12.jpg 18w, https:\/\/columbiafinishingmills.com\/wp-content\/uploads\/1000009040-8-400x249.jpg 400w, https:\/\/columbiafinishingmills.com\/wp-content\/uploads\/1000009040-8-48x30.jpg 48w\" sizes=\"auto, (max-width: 1024px) 100vw, 1024px\" \/><\/figure>\n\n\n<h2><strong>Early beginnings<\/strong><\/h2>\n<p>La construction de notre usine a d\u00e9but\u00e9 en mai 1965. La production initiale a d\u00e9but\u00e9 en septembre et \u00e9tait en cours de fabrication \u00e0 grande \u00e9chelle d'ici la fin de l'ann\u00e9e. \u00c0 cette \u00e9poque, nous \u00e9tions une filiale de The Columbia Mills Incorporated, de Syracuse, dans l\u2019\u00c9tat de New York. La soci\u00e9t\u00e9 am\u00e9ricaine \u00e9tait en affaires depuis 1896 et a r\u00e9alis\u00e9 d\u2019importantes ventes au Canada. La d\u00e9cision d\u2019ouvrir une entreprise au Canada \u00e9tait le reflet de la confiance de la Colombie dans l\u2019\u00e9conomie canadienne et de son d\u00e9sir de fournir le meilleur service possible \u00e0 ses clients canadiens. L'objectif \u00e9tait de fournir l'excellence dans la qualit\u00e9 de nos produits et services. La soci\u00e9t\u00e9 est pass\u00e9e d'un tr\u00e8s petit fabricant de tissus enduits pour le march\u00e9 int\u00e9rieur \u00e0 une entreprise d'envergure internationale sur les march\u00e9s nord-am\u00e9ricain et europ\u00e9en. Ceci est le r\u00e9sultat d'un engagement en faveur de la qualit\u00e9, de l'innovation technologique et de la d\u00e9termination d'atteindre des niveaux d'efficacit\u00e9 sup\u00e9rieurs.<\/p>\n<h2><strong><br \/>Canadian Growth\u00a0<\/strong><\/h2>\n<p>To adapt to rising costs and an economic downtown, was shifted from manufacturing to converting and distributing in 1991, retaining only our converting equipment and stocking jumbo rolls for quick delivery.<\/p>\n<p>In 1998, Columbia Finishing Mills was sold to Brian Lynch, becoming Canadian owned. Other divisions were sold to Rexam\/DSI and Industrial Coatings Group, Inc.<\/p>\n<h2><strong><br \/>United States Expansion\u00a0<\/strong><\/h2>\n<p>With the consolidation of US distributors, demand for our services in the US grew. By 2022, Columbia Finishing Mills expanded aggressively into the US market, offering both new and beloved products, achieving success comparable to our Canadian achievements.<\/p>\n<p><strong>\u00a0<\/strong><\/p>\n\n\n<figure class=\"wp-block-image alignright size-medium has-custom-border is-style-default\"><img loading=\"lazy\" decoding=\"async\" width=\"300\" height=\"193\" src=\"https:\/\/columbiafinishingmills.com\/wp-content\/uploads\/1000009042-1-300x193.jpg\" alt=\"\" class=\"wp-image-147623\" style=\"border-style:none;border-width:0px;border-radius:0px\" srcset=\"https:\/\/columbiafinishingmills.com\/wp-content\/uploads\/1000009042-1-300x193.jpg 300w, https:\/\/columbiafinishingmills.com\/wp-content\/uploads\/1000009042-1-1024x660.jpg 1024w, https:\/\/columbiafinishingmills.com\/wp-content\/uploads\/1000009042-1-768x495.jpg 768w, https:\/\/columbiafinishingmills.com\/wp-content\/uploads\/1000009042-1-1536x989.jpg 1536w, https:\/\/columbiafinishingmills.com\/wp-content\/uploads\/1000009042-1-2048x1319.jpg 2048w, https:\/\/columbiafinishingmills.com\/wp-content\/uploads\/1000009042-1-18x12.jpg 18w, https:\/\/columbiafinishingmills.com\/wp-content\/uploads\/1000009042-1-400x258.jpg 400w, https:\/\/columbiafinishingmills.com\/wp-content\/uploads\/1000009042-1-48x31.jpg 48w\" sizes=\"auto, (max-width: 300px) 100vw, 300px\" \/><\/figure>\n\n\n\n<figure class=\"wp-block-image alignleft size-medium has-custom-border\"><img loading=\"lazy\" decoding=\"async\" width=\"300\" height=\"204\" src=\"https:\/\/columbiafinishingmills.com\/wp-content\/uploads\/1000009041-2-300x204.jpg\" alt=\"\" class=\"wp-image-147622\" style=\"border-style:none;border-width:0px\" srcset=\"https:\/\/columbiafinishingmills.com\/wp-content\/uploads\/1000009041-2-300x204.jpg 300w, https:\/\/columbiafinishingmills.com\/wp-content\/uploads\/1000009041-2-1024x696.jpg 1024w, https:\/\/columbiafinishingmills.com\/wp-content\/uploads\/1000009041-2-768x522.jpg 768w, https:\/\/columbiafinishingmills.com\/wp-content\/uploads\/1000009041-2-1536x1044.jpg 1536w, https:\/\/columbiafinishingmills.com\/wp-content\/uploads\/1000009041-2-2048x1392.jpg 2048w, https:\/\/columbiafinishingmills.com\/wp-content\/uploads\/1000009041-2-18x12.jpg 18w, https:\/\/columbiafinishingmills.com\/wp-content\/uploads\/1000009041-2-400x272.jpg 400w, https:\/\/columbiafinishingmills.com\/wp-content\/uploads\/1000009041-2-48x33.jpg 48w\" sizes=\"auto, (max-width: 300px) 100vw, 300px\" \/><\/figure>\n\n\n\n<p><\/p>\n\n\n\n<p><\/p>","protected":false},"excerpt":{"rendered":"<p>Early beginnings Construction of our facility began in May 1965. Initial production started that September and was up to full-scale manufacturing by the end of the year. At that time, we were a subsidiary of The Columbia Mills Incorporated, of Syracuse, New York. The U.S. company had been in business since 1896 and enjoyed significant &hellip;<\/p>\n<p class=\"read-more\"> <a class=\"thunk-readmore button\" href=\"https:\/\/columbiafinishingmills.com\/fr\/our-history\/\"> <span class=\"screen-reader-text\">Notre histoire<\/span>Read More<\/a><\/p>","protected":false},"author":4,"featured_media":0,"parent":0,"menu_order":0,"comment_status":"closed","ping_status":"closed","template":"","meta":{"footnotes":""},"yst_prominent_words":[255,263,252,250,254,514,253,262,256,264,107,261,258],"class_list":["post-44894","page","type-page","status-publish","hentry","thunk-woo-product-list","opn-qv-enable","top-store-woo-hover-","top-store-single-product-tab-horizontal","top-store-shadow-","top-store-shadow-hover-"],"jetpack_sharing_enabled":true,"_links":{"self":[{"href":"https:\/\/columbiafinishingmills.com\/fr\/wp-json\/wp\/v2\/pages\/44894","targetHints":{"allow":["GET"]}}],"collection":[{"href":"https:\/\/columbiafinishingmills.com\/fr\/wp-json\/wp\/v2\/pages"}],"about":[{"href":"https:\/\/columbiafinishingmills.com\/fr\/wp-json\/wp\/v2\/types\/page"}],"author":[{"embeddable":true,"href":"https:\/\/columbiafinishingmills.com\/fr\/wp-json\/wp\/v2\/users\/4"}],"replies":[{"embeddable":true,"href":"https:\/\/columbiafinishingmills.com\/fr\/wp-json\/wp\/v2\/comments?post=44894"}],"version-history":[{"count":8,"href":"https:\/\/columbiafinishingmills.com\/fr\/wp-json\/wp\/v2\/pages\/44894\/revisions"}],"predecessor-version":[{"id":147626,"href":"https:\/\/columbiafinishingmills.com\/fr\/wp-json\/wp\/v2\/pages\/44894\/revisions\/147626"}],"wp:attachment":[{"href":"https:\/\/columbiafinishingmills.com\/fr\/wp-json\/wp\/v2\/media?parent=44894"}],"wp:term":[{"taxonomy":"yst_prominent_words","embeddable":true,"href":"https:\/\/columbiafinishingmills.com\/fr\/wp-json\/wp\/v2\/yst_prominent_words?post=44894"}],"curies":[{"name":"wp","href":"https:\/\/api.w.org\/{rel}","templated":true}]}}